  {"id":66,"date":"2020-11-04T10:46:22","date_gmt":"2020-11-04T10:46:22","guid":{"rendered":"https:\/\/estetikadent.rs\/?page_id=66"},"modified":"2020-11-25T13:57:18","modified_gmt":"2020-11-25T13:57:18","slug":"oralna-hirurgija","status":"publish","type":"page","link":"https:\/\/estetikadent.rs\/en\/oral-surgery\/","title":{"rendered":"Oral Surgery"},"content":{"rendered":"<div id=\"pl-66\"  class=\"panel-layout\" ><div id=\"pg-66-0\"  class=\"panel-grid panel-no-style\" ><div id=\"pgc-66-0-0\"  class=\"panel-grid-cell\" ><div id=\"panel-66-0-0-0\" class=\"so-panel widget widget_sow-headline panel-first-child panel-last-child\" data-index=\"0\" ><div class=\"panel-widget-style panel-widget-style-for-66-0-0-0\" ><div\n\t\t\t\n\t\t\tclass=\"so-widget-sow-headline so-widget-sow-headline-default-a59034e26390-66\"\n\t\t\t\n\t\t><div class=\"sow-headline-container\">\n\t\t\t\t\t\t\t<h2 class=\"sow-headline\">\n\t\t\t\t\t\tOral Surgery\t\t\t\t\t\t<\/h2>\n\t\t\t\t\t\t\t\t\t\t\t<div class=\"decoration\">\n\t\t\t\t\t\t<div class=\"decoration-inside\"><\/div>\n\t\t\t\t\t<\/div>\n\t\t\t\t\t<\/div>\n<\/div><\/div><\/div><\/div><\/div><div id=\"pg-66-1\"  class=\"panel-grid panel-no-style\" ><div id=\"pgc-66-1-0\"  class=\"panel-grid-cell\" ><div id=\"panel-66-1-0-0\" class=\"so-panel widget widget_sow-editor panel-first-child\" data-index=\"1\" ><div class=\"panel-widget-style panel-widget-style-for-66-1-0-0\" ><div\n\t\t\t\n\t\t\tclass=\"so-widget-sow-editor so-widget-sow-editor-base\"\n\t\t\t\n\t\t>\n<div class=\"siteorigin-widget-tinymce textwidget\">\n\t<p><span style=\"font-weight: 400;\">At the \"Estetika Dent\" dental clinic, our oral surgeons and dentists are experienced professionals who constantly strive for improvement. Our entire staff aims to offer a comprehensive range of dental services based on your oral health, health history, and dental care needs.<\/span><\/p>\n<\/div>\n<\/div><\/div><\/div><div id=\"panel-66-1-0-1\" class=\"so-panel widget widget_sow-headline panel-last-child\" data-index=\"2\" ><div\n\t\t\t\n\t\t\tclass=\"so-widget-sow-headline so-widget-sow-headline-default-a2545bf7e759-66\"\n\t\t\t\n\t\t><div class=\"sow-headline-container\">\n\t\t\t\t\t\t\t<h3 class=\"sow-headline\">\n\t\t\t\t\t\tWhat is oral surgery?\t\t\t\t\t\t<\/h3>\n\t\t\t\t\t\t<\/div>\n<\/div><\/div><\/div><\/div><div id=\"pg-66-2\"  class=\"panel-grid panel-no-style\" ><div id=\"pgc-66-2-0\"  class=\"panel-grid-cell\" ><div id=\"panel-66-2-0-0\" class=\"so-panel widget widget_sow-editor panel-first-child panel-last-child\" data-index=\"3\" ><div class=\"panel-widget-style panel-widget-style-for-66-2-0-0\" ><div\n\t\t\t\n\t\t\tclass=\"so-widget-sow-editor so-widget-sow-editor-base\"\n\t\t\t\n\t\t>\n<div class=\"siteorigin-widget-tinymce textwidget\">\n\t<p><span style=\"font-weight: 400;\">Oral surgery is a type of dentistry that diagnoses and treats oral conditions of the teeth, gums, jaw and mouth through surgery. Oral surgery is a common practice and is performed in our polyclinic. Oral surgery is used for common procedures such as wisdom tooth extraction, dental implants, removal of a damaged tooth, periodontal procedures and other cosmetic dentistry procedures.<\/span><\/p>\n<p><span style=\"font-weight: 400;\">Our oral surgeons specialize in treating dental osteomyelitis (abnormal jaw position). This jaw correction involves intensive cooperation with an orthodontist.<\/span><\/p>\n<p><span style=\"font-weight: 400;\">A dental surgeon can place an implant in the upper or lower jaw in consultation with a dentist. An implant provides support for a crown, bridge or denture.<\/span><\/p>\n<\/div>\n<\/div><\/div><\/div><\/div><div id=\"pgc-66-2-1\"  class=\"panel-grid-cell\" ><div id=\"panel-66-2-1-0\" class=\"so-panel widget widget_sow-image panel-first-child panel-last-child\" data-index=\"4\" ><div\n\t\t\t\n\t\t\tclass=\"so-widget-sow-image so-widget-sow-image-default-8b5b6f678277-66\"\n\t\t\t\n\t\t>\n<div class=\"sow-image-container\">\n\t\t<img \n\tsrc=\"https:\/\/estetikadent.rs\/wp-content\/uploads\/2020\/11\/oralna-hirurgija-ordinacija.jpg\" width=\"1024\" height=\"683\" srcset=\"https:\/\/estetikadent.rs\/wp-content\/uploads\/2020\/11\/oralna-hirurgija-ordinacija.jpg 1024w, https:\/\/estetikadent.rs\/wp-content\/uploads\/2020\/11\/oralna-hirurgija-ordinacija-300x200.jpg 300w, https:\/\/estetikadent.rs\/wp-content\/uploads\/2020\/11\/oralna-hirurgija-ordinacija-768x512.jpg 768w, https:\/\/estetikadent.rs\/wp-content\/uploads\/2020\/11\/oralna-hirurgija-ordinacija-272x182.jpg 272w\" sizes=\"(max-width: 1024px) 100vw, 1024px\" title=\"Oral Surgery\" alt=\"Oral Surgery\" \t\tclass=\"so-widget-image\"\/>\n\t<\/div>\n\n<\/div><\/div><\/div><\/div><div id=\"pg-66-3\"  class=\"panel-grid panel-no-style\" ><div id=\"pgc-66-3-0\"  class=\"panel-grid-cell\" ><div id=\"panel-66-3-0-0\" class=\"so-panel widget widget_sow-editor panel-first-child panel-last-child\" data-index=\"5\" ><div class=\"panel-widget-style panel-widget-style-for-66-3-0-0\" ><div\n\t\t\t\n\t\t\tclass=\"so-widget-sow-editor so-widget-sow-editor-base\"\n\t\t\t\n\t\t>\n<div class=\"siteorigin-widget-tinymce textwidget\">\n\t<p><span style=\"font-weight: 400;\">These procedures are performed under sedation, so patients feel no pain and can resume their normal activities within just a few days.<\/span><\/p>\n<p><span style=\"font-weight: 400;\">From operative wisdom tooth extractions to cosmetic oral surgery, we are here to help you with all your dental needs.<\/span><\/p>\n<p><span style=\"font-weight: 400;\">Before the surgery itself, check if you have painkillers at home, as you will usually need them after the treatment. Before coming to the intervention, you can take a preventive pain reliever (paracetamol or similar) in agreement with your surgeon. Be sure to follow the dosage from the instructions for use.<\/span><\/p>\n<p><span style=\"font-weight: 400;\">Be sure to bring your updated list of medications you use every day to the intervention itself. Do you use blood thinners or have you had heart surgery? Please mention all of this when making an appointment for oral surgery. Before the operation takes place, all this must be taken into account. Your intervention may require special preparation, and we are here to provide it.<\/span><\/p>\n<p><span style=\"font-weight: 400;\">Our dentists, oral surgeons and staff schedule appointments according to your wishes. From emergency dental interventions to routine care, we want to be your trusted dentist. Contact us and schedule your arrival and consultation.<\/span><\/p>\n<\/div>\n<\/div><\/div><\/div><\/div><\/div><div id=\"pg-66-4\"  class=\"panel-grid panel-no-style\" ><div id=\"pgc-66-4-0\"  class=\"panel-grid-cell\" ><div id=\"panel-66-4-0-0\" class=\"so-panel widget widget_sow-features panel-first-child panel-last-child\" data-index=\"6\" ><div\n\t\t\t\n\t\t\tclass=\"so-widget-sow-features so-widget-sow-features-default-e271a18c020f-66\"\n\t\t\t\n\t\t>\n<div class=\"sow-features-list sow-features-responsive\">\n\n\t\t\t\t\t\t\t\t\t<div\n\t\t\t\tclass=\"sow-features-feature sow-icon-container-position-top\"\n\t\t\t\tstyle=\"display: flex; flex-direction: column; width: calc(50% - 25px);\"\n\t\t\t>\n\t\t\t\n\t\t\t\t\t\t\t\t\t<a\n\t\t\t\t\t\thref=\"https:\/\/estetikadent.rs\/en\/usluge\/periodontology\/\"\n\t\t\t\t\t\t\t\t\t\t\t>\n\t\t\t\t\t\t\t\t<div\n\t\t\t\t\tclass=\"sow-icon-container sow-container-rounded-square\"\n\t\t\t\t\tstyle=\"color: #07a7e3; \"\n\t\t\t\t\t\t\t\t\t>\n\t\t\t\t\t\t\t\t\t\t\t\t<div class=\"sow-icon-image\" style=\"background-image: url(https:\/\/estetikadent.rs\/wp-content\/uploads\/2020\/07\/our-services2.png); font-size: 24px\"><\/div>\n\t\t\t\t\t\t\t\t\t\t\t<\/div>\n\t\t\t\t\t\t\t\t\t<\/a>\n\t\t\t\t\t\n\t\t\t\t<div class=\"textwidget\">\n\t\t\t\t\t\n\t\t\t\t\t\t\t\t\t\t\t<h5 class=\"sow-features-feature-title\">\n\t\t\t\t\t\t\t\t\t\t\t\t\t\t\t<a\n\t\t\t\t\t\t\t\t\thref=\"https:\/\/estetikadent.rs\/en\/usluge\/periodontology\/\"\n\t\t\t\t\t\t\t\t\t\t\t\t\t\t\t\t\t>\n\t\t\t\t\t\t\t\n\t\t\t\t\t\t\tPeriodontology\t\t\t\t\t\t\t\t\t\t\t\t\t\t\t<\/a>\n\t\t\t\t\t\t\t\t\t\t\t\t\t<\/h5>\n\t\t\t\t\t\n\t\t\t\t\t\n\t\t\t\t\t\t\t\t\t<\/div>\n\t\t\t\t\t\t\t\t\n\t\t\t\t\t\t\t<\/div>\n\n\t\t\t\t\t\t\t\t<div\n\t\t\t\tclass=\"sow-features-feature sow-icon-container-position-top\"\n\t\t\t\tstyle=\"display: flex; flex-direction: column; width: calc(50% - 25px);\"\n\t\t\t>\n\t\t\t\n\t\t\t\t\t\t\t\t\t<a\n\t\t\t\t\t\thref=\"https:\/\/estetikadent.rs\/en\/usluge\/implantologija\/\"\n\t\t\t\t\t\t\t\t\t\t\t>\n\t\t\t\t\t\t\t\t<div\n\t\t\t\t\tclass=\"sow-icon-container sow-container-rounded-square\"\n\t\t\t\t\tstyle=\"color: #07a7e3; \"\n\t\t\t\t\t\t\t\t\t>\n\t\t\t\t\t\t\t\t\t\t\t\t<div class=\"sow-icon-image\" style=\"background-image: url(https:\/\/estetikadent.rs\/wp-content\/uploads\/2020\/07\/our-services2.png); font-size: 24px\"><\/div>\n\t\t\t\t\t\t\t\t\t\t\t<\/div>\n\t\t\t\t\t\t\t\t\t<\/a>\n\t\t\t\t\t\n\t\t\t\t<div class=\"textwidget\">\n\t\t\t\t\t\n\t\t\t\t\t\t\t\t\t\t\t<h5 class=\"sow-features-feature-title\">\n\t\t\t\t\t\t\t\t\t\t\t\t\t\t\t<a\n\t\t\t\t\t\t\t\t\thref=\"https:\/\/estetikadent.rs\/en\/usluge\/implantologija\/\"\n\t\t\t\t\t\t\t\t\t\t\t\t\t\t\t\t\t>\n\t\t\t\t\t\t\t\n\t\t\t\t\t\t\tImplantology\t\t\t\t\t\t\t\t\t\t\t\t\t\t\t<\/a>\n\t\t\t\t\t\t\t\t\t\t\t\t\t<\/h5>\n\t\t\t\t\t\n\t\t\t\t\t\n\t\t\t\t\t\t\t\t\t<\/div>\n\t\t\t\t\t\t\t\t\n\t\t\t\t\t\t\t<\/div>\n\n\t\t\t\n<\/div>\n<\/div><\/div><\/div><\/div><div id=\"pg-66-5\"  class=\"panel-grid panel-no-style\" ><div id=\"pgc-66-5-0\"  class=\"panel-grid-cell\" ><div id=\"panel-66-5-0-0\" class=\"so-panel widget widget_sow-headline panel-first-child panel-last-child\" data-index=\"7\" ><div\n\t\t\t\n\t\t\tclass=\"so-widget-sow-headline so-widget-sow-headline-default-b1af2fd1939d-66\"\n\t\t\t\n\t\t><div class=\"sow-headline-container\">\n\t\t\t\t\t\t\t<h3 class=\"sow-headline\">\n\t\t\t\t\t\tOther dental services:\t\t\t\t\t\t<\/h3>\n\t\t\t\t\t\t\t\t\t\t\t<div class=\"decoration\">\n\t\t\t\t\t\t<div class=\"decoration-inside\"><\/div>\n\t\t\t\t\t<\/div>\n\t\t\t\t\t<\/div>\n<\/div><\/div><\/div><\/div><div id=\"pg-66-6\"  class=\"panel-grid panel-no-style\" ><div id=\"pgc-66-6-0\"  class=\"panel-grid-cell\" ><div id=\"panel-66-6-0-0\" class=\"so-panel widget widget_sow-button panel-first-child\" data-index=\"8\" ><div\n\t\t\t\n\t\t\tclass=\"so-widget-sow-button so-widget-sow-button-atom-0b92bdf993f7-66\"\n\t\t\t\n\t\t><div class=\"ow-button-base ow-button-align-center\"\n>\n\t\t\t<a\n\t\t\t\t\thref=\"https:\/\/estetikadent.rs\/en\/usluge\/fixed-prosthetics\/\"\n\t\t\t\t\tclass=\"sowb-button ow-icon-placement-left ow-button-hover\" \t>\n\t\t<span>\n\t\t\t\t\t\t\t<div class=\"sow-icon-image\" style=\"background-image: url(https:\/\/estetikadent.rs\/wp-content\/uploads\/2020\/07\/our-services4.png)\"><\/div>\n\t\t\t\t\n\t\t\tFixed Prosthetics\t\t<\/span>\n\t\t\t<\/a>\n\t<\/div>\n<\/div><\/div><div id=\"panel-66-6-0-1\" class=\"so-panel widget widget_sow-button panel-last-child\" data-index=\"9\" ><div\n\t\t\t\n\t\t\tclass=\"so-widget-sow-button so-widget-sow-button-atom-0b92bdf993f7-66\"\n\t\t\t\n\t\t><div class=\"ow-button-base ow-button-align-center\"\n>\n\t\t\t<a\n\t\t\t\t\thref=\"https:\/\/estetikadent.rs\/en\/usluge\/mobile-prosthetics\/\"\n\t\t\t\t\tclass=\"sowb-button ow-icon-placement-left ow-button-hover\" \t>\n\t\t<span>\n\t\t\t\t\t\t\t<div class=\"sow-icon-image\" style=\"background-image: url(https:\/\/estetikadent.rs\/wp-content\/uploads\/2020\/07\/our-services4.png)\"><\/div>\n\t\t\t\t\n\t\t\tMobile Prosthetics\t\t<\/span>\n\t\t\t<\/a>\n\t<\/div>\n<\/div><\/div><\/div><div id=\"pgc-66-6-1\"  class=\"panel-grid-cell\" ><div id=\"panel-66-6-1-0\" class=\"so-panel widget widget_sow-button panel-first-child\" data-index=\"10\" ><div\n\t\t\t\n\t\t\tclass=\"so-widget-sow-button so-widget-sow-button-atom-0b92bdf993f7-66\"\n\t\t\t\n\t\t><div class=\"ow-button-base ow-button-align-center\"\n>\n\t\t\t<a\n\t\t\t\t\thref=\"https:\/\/estetikadent.rs\/en\/usluge\/orthodontics\/\"\n\t\t\t\t\tclass=\"sowb-button ow-icon-placement-left ow-button-hover\" \t>\n\t\t<span>\n\t\t\t\t\t\t\t<div class=\"sow-icon-image\" style=\"background-image: url(https:\/\/estetikadent.rs\/wp-content\/uploads\/2020\/07\/our-services4.png)\"><\/div>\n\t\t\t\t\n\t\t\tOrthodontics\t\t<\/span>\n\t\t\t<\/a>\n\t<\/div>\n<\/div><\/div><div id=\"panel-66-6-1-1\" class=\"so-panel widget widget_sow-button panel-last-child\" data-index=\"11\" ><div\n\t\t\t\n\t\t\tclass=\"so-widget-sow-button so-widget-sow-button-atom-0b92bdf993f7-66\"\n\t\t\t\n\t\t><div class=\"ow-button-base ow-button-align-center\"\n>\n\t\t\t<a\n\t\t\t\t\thref=\"https:\/\/estetikadent.rs\/en\/usluge\/digital-imaging\/\"\n\t\t\t\t\tclass=\"sowb-button ow-icon-placement-left ow-button-hover\" \t>\n\t\t<span>\n\t\t\t\t\t\t\t<div class=\"sow-icon-image\" style=\"background-image: url(https:\/\/estetikadent.rs\/wp-content\/uploads\/2020\/07\/our-services4.png)\"><\/div>\n\t\t\t\t\n\t\t\tDigital Imaging\t\t<\/span>\n\t\t\t<\/a>\n\t<\/div>\n<\/div><\/div><\/div><div id=\"pgc-66-6-2\"  class=\"panel-grid-cell\" ><div id=\"panel-66-6-2-0\" class=\"so-panel widget widget_sow-button panel-first-child\" data-index=\"12\" ><div\n\t\t\t\n\t\t\tclass=\"so-widget-sow-button so-widget-sow-button-atom-0b92bdf993f7-66\"\n\t\t\t\n\t\t><div class=\"ow-button-base ow-button-align-center\"\n>\n\t\t\t<a\n\t\t\t\t\thref=\"https:\/\/estetikadent.rs\/en\/usluge\/teeth-whitening\/\"\n\t\t\t\t\tclass=\"sowb-button ow-icon-placement-left ow-button-hover\" \t>\n\t\t<span>\n\t\t\t\t\t\t\t<div class=\"sow-icon-image\" style=\"background-image: url(https:\/\/estetikadent.rs\/wp-content\/uploads\/2020\/07\/our-services4.png)\"><\/div>\n\t\t\t\t\n\t\t\tTeeth whitening\t\t<\/span>\n\t\t\t<\/a>\n\t<\/div>\n<\/div><\/div><div id=\"panel-66-6-2-1\" class=\"so-panel widget widget_sow-button panel-last-child\" data-index=\"13\" ><div\n\t\t\t\n\t\t\tclass=\"so-widget-sow-button so-widget-sow-button-atom-0b92bdf993f7-66\"\n\t\t\t\n\t\t><div class=\"ow-button-base ow-button-align-center\"\n>\n\t\t\t<a\n\t\t\t\t\thref=\"https:\/\/estetikadent.rs\/en\/usluge\/rad-sa-decom\/\"\n\t\t\t\t\tclass=\"sowb-button ow-icon-placement-left ow-button-hover\" \t>\n\t\t<span>\n\t\t\t\t\t\t\t<div class=\"sow-icon-image\" style=\"background-image: url(https:\/\/estetikadent.rs\/wp-content\/uploads\/2020\/07\/our-services4.png)\"><\/div>\n\t\t\t\t\n\t\t\tWorking with Children\t\t<\/span>\n\t\t\t<\/a>\n\t<\/div>\n<\/div><\/div><\/div><div id=\"pgc-66-6-3\"  class=\"panel-grid-cell\" ><div id=\"panel-66-6-3-0\" class=\"so-panel widget widget_sow-button panel-first-child panel-last-child\" data-index=\"14\" ><div\n\t\t\t\n\t\t\tclass=\"so-widget-sow-button so-widget-sow-button-atom-0b92bdf993f7-66\"\n\t\t\t\n\t\t><div class=\"ow-button-base ow-button-align-center\"\n>\n\t\t\t<a\n\t\t\t\t\thref=\"https:\/\/estetikadent.rs\/en\/usluge\/dental-repair-and-treatment\/\"\n\t\t\t\t\tclass=\"sowb-button ow-icon-placement-left ow-button-hover\" \t>\n\t\t<span>\n\t\t\t\t\t\t\t<div class=\"sow-icon-image\" style=\"background-image: url(https:\/\/estetikadent.rs\/wp-content\/uploads\/2020\/07\/our-services4.png)\"><\/div>\n\t\t\t\t\n\t\t\tDental Repair and Treatment\t\t<\/span>\n\t\t\t<\/a>\n\t<\/div>\n<\/div><\/div><\/div><\/div><\/div>","protected":false},"excerpt":{"rendered":"<p>At the \"Estetika Dent\" dental clinic, our oral surgeons and dentists are experienced professionals who constantly strive for improvement. Our entire staff aims to offer a comprehensive range of dental services based on your oral health, health history, and dental care needs.<\/p>","protected":false},"author":3,"featured_media":0,"parent":0,"menu_order":0,"comment_status":"closed","ping_status":"closed","template":"","meta":{"footnotes":""},"class_list":["post-66","page","type-page","status-publish","hentry"],"yoast_head":"<!-- This site is optimized with the Yoast SEO plugin v25.1 - https:\/\/yoast.com\/wordpress\/plugins\/seo\/ -->\n<title>Oralna Hirurgija | Stomatolo\u0161ka Poliklinika Estetika Dent<\/title>\n<meta name=\"description\" content=\"Uz doktore koji su specijalizovani za oralnu hirurgiju va\u0161e intervencije \u0107e biti bezbolne! Estetika Dent \u0107e vam obezbediti najbolju negu zuba!\" \/>\n<meta name=\"robots\" content=\"index, follow, max-snippet:-1, max-image-preview:large, max-video-preview:-1\" \/>\n<link rel=\"canonical\" href=\"https:\/\/estetikadent.rs\/en\/oral-surgery\/\" \/>\n<meta property=\"og:locale\" content=\"en_GB\" \/>\n<meta property=\"og:type\" content=\"article\" \/>\n<meta property=\"og:title\" content=\"Oralna Hirurgija | Stomatolo\u0161ka Poliklinika Estetika Dent\" \/>\n<meta property=\"og:description\" content=\"Uz doktore koji su specijalizovani za oralnu hirurgiju va\u0161e intervencije \u0107e biti bezbolne! Estetika Dent \u0107e vam obezbediti najbolju negu zuba!\" \/>\n<meta property=\"og:url\" content=\"https:\/\/estetikadent.rs\/en\/oral-surgery\/\" \/>\n<meta property=\"og:site_name\" content=\"Estetika Dent\" \/>\n<meta property=\"article:modified_time\" content=\"2020-11-25T13:57:18+00:00\" \/>\n<meta name=\"twitter:card\" content=\"summary_large_image\" \/>\n<meta name=\"twitter:label1\" content=\"Estimated reading time\" \/>\n\t<meta name=\"twitter:data1\" content=\"2 minutes\" \/>\n<script type=\"application\/ld+json\" class=\"yoast-schema-graph\">{\"@context\":\"https:\/\/schema.org\",\"@graph\":[{\"@type\":\"WebPage\",\"@id\":\"https:\/\/estetikadent.rs\/oralna-hirurgija\/\",\"url\":\"https:\/\/estetikadent.rs\/oralna-hirurgija\/\",\"name\":\"Oralna Hirurgija | Stomatolo\u0161ka Poliklinika Estetika Dent\",\"isPartOf\":{\"@id\":\"https:\/\/estetikadent.rs\/#website\"},\"datePublished\":\"2020-11-04T10:46:22+00:00\",\"dateModified\":\"2020-11-25T13:57:18+00:00\",\"description\":\"Uz doktore koji su specijalizovani za oralnu hirurgiju va\u0161e intervencije \u0107e biti bezbolne! Estetika Dent \u0107e vam obezbediti najbolju negu zuba!\",\"breadcrumb\":{\"@id\":\"https:\/\/estetikadent.rs\/oralna-hirurgija\/#breadcrumb\"},\"inLanguage\":\"en-GB\",\"potentialAction\":[{\"@type\":\"ReadAction\",\"target\":[\"https:\/\/estetikadent.rs\/oralna-hirurgija\/\"]}]},{\"@type\":\"BreadcrumbList\",\"@id\":\"https:\/\/estetikadent.rs\/oralna-hirurgija\/#breadcrumb\",\"itemListElement\":[{\"@type\":\"ListItem\",\"position\":1,\"name\":\"Home\",\"item\":\"https:\/\/estetikadent.rs\/\"},{\"@type\":\"ListItem\",\"position\":2,\"name\":\"Oralna hirurgija\"}]},{\"@type\":\"WebSite\",\"@id\":\"https:\/\/estetikadent.rs\/#website\",\"url\":\"https:\/\/estetikadent.rs\/\",\"name\":\"Estetika Dent\",\"description\":\"Stomatolo\u0161ka Poliklinika Novi Sad\",\"potentialAction\":[{\"@type\":\"SearchAction\",\"target\":{\"@type\":\"EntryPoint\",\"urlTemplate\":\"https:\/\/estetikadent.rs\/?s={search_term_string}\"},\"query-input\":{\"@type\":\"PropertyValueSpecification\",\"valueRequired\":true,\"valueName\":\"search_term_string\"}}],\"inLanguage\":\"en-GB\"}]}<\/script>\n<!-- \/ Yoast SEO plugin. -->","yoast_head_json":{"title":"Oralna Hirurgija | Stomatolo\u0161ka Poliklinika Estetika Dent","description":"Uz doktore koji su specijalizovani za oralnu hirurgiju va\u0161e intervencije \u0107e biti bezbolne! Estetika Dent \u0107e vam obezbediti najbolju negu zuba!","robots":{"index":"index","follow":"follow","max-snippet":"max-snippet:-1","max-image-preview":"max-image-preview:large","max-video-preview":"max-video-preview:-1"},"canonical":"https:\/\/estetikadent.rs\/en\/oral-surgery\/","og_locale":"en_GB","og_type":"article","og_title":"Oralna Hirurgija | Stomatolo\u0161ka Poliklinika Estetika Dent","og_description":"Uz doktore koji su specijalizovani za oralnu hirurgiju va\u0161e intervencije \u0107e biti bezbolne! Estetika Dent \u0107e vam obezbediti najbolju negu zuba!","og_url":"https:\/\/estetikadent.rs\/en\/oral-surgery\/","og_site_name":"Estetika Dent","article_modified_time":"2020-11-25T13:57:18+00:00","twitter_card":"summary_large_image","twitter_misc":{"Estimated reading time":"2 minutes"},"schema":{"@context":"https:\/\/schema.org","@graph":[{"@type":"WebPage","@id":"https:\/\/estetikadent.rs\/oralna-hirurgija\/","url":"https:\/\/estetikadent.rs\/oralna-hirurgija\/","name":"Oralna Hirurgija | Stomatolo\u0161ka Poliklinika Estetika Dent","isPartOf":{"@id":"https:\/\/estetikadent.rs\/#website"},"datePublished":"2020-11-04T10:46:22+00:00","dateModified":"2020-11-25T13:57:18+00:00","description":"Uz doktore koji su specijalizovani za oralnu hirurgiju va\u0161e intervencije \u0107e biti bezbolne! Estetika Dent \u0107e vam obezbediti najbolju negu zuba!","breadcrumb":{"@id":"https:\/\/estetikadent.rs\/oralna-hirurgija\/#breadcrumb"},"inLanguage":"en-GB","potentialAction":[{"@type":"ReadAction","target":["https:\/\/estetikadent.rs\/oralna-hirurgija\/"]}]},{"@type":"BreadcrumbList","@id":"https:\/\/estetikadent.rs\/oralna-hirurgija\/#breadcrumb","itemListElement":[{"@type":"ListItem","position":1,"name":"Home","item":"https:\/\/estetikadent.rs\/"},{"@type":"ListItem","position":2,"name":"Oralna hirurgija"}]},{"@type":"WebSite","@id":"https:\/\/estetikadent.rs\/#website","url":"https:\/\/estetikadent.rs\/","name":"Estetika Dent","description":"Stomatolo\u0161ka Poliklinika Novi Sad","potentialAction":[{"@type":"SearchAction","target":{"@type":"EntryPoint","urlTemplate":"https:\/\/estetikadent.rs\/?s={search_term_string}"},"query-input":{"@type":"PropertyValueSpecification","valueRequired":true,"valueName":"search_term_string"}}],"inLanguage":"en-GB"}]}},"_links":{"self":[{"href":"https:\/\/estetikadent.rs\/en\/wp-json\/wp\/v2\/pages\/66","targetHints":{"allow":["GET"]}}],"collection":[{"href":"https:\/\/estetikadent.rs\/en\/wp-json\/wp\/v2\/pages"}],"about":[{"href":"https:\/\/estetikadent.rs\/en\/wp-json\/wp\/v2\/types\/page"}],"author":[{"embeddable":true,"href":"https:\/\/estetikadent.rs\/en\/wp-json\/wp\/v2\/users\/3"}],"replies":[{"embeddable":true,"href":"https:\/\/estetikadent.rs\/en\/wp-json\/wp\/v2\/comments?post=66"}],"version-history":[{"count":65,"href":"https:\/\/estetikadent.rs\/en\/wp-json\/wp\/v2\/pages\/66\/revisions"}],"predecessor-version":[{"id":1090,"href":"https:\/\/estetikadent.rs\/en\/wp-json\/wp\/v2\/pages\/66\/revisions\/1090"}],"wp:attachment":[{"href":"https:\/\/estetikadent.rs\/en\/wp-json\/wp\/v2\/media?parent=66"}],"curies":[{"name":"wp","href":"https:\/\/api.w.org\/{rel}","templated":true}]}}