  {"id":345,"date":"2020-11-05T13:49:36","date_gmt":"2020-11-05T13:49:36","guid":{"rendered":"https:\/\/estetikadent.rs\/?page_id=345"},"modified":"2020-11-30T11:59:19","modified_gmt":"2020-11-30T11:59:19","slug":"stomatoloske-usluge","status":"publish","type":"page","link":"https:\/\/estetikadent.rs\/en\/dental-services\/","title":{"rendered":"Stomatolo\u0161ke Usluge"},"content":{"rendered":"<div id=\"pl-345\"  class=\"panel-layout\" ><div id=\"pg-345-0\"  class=\"panel-grid panel-no-style\" ><div id=\"pgc-345-0-0\"  class=\"panel-grid-cell\" ><div id=\"panel-345-0-0-0\" class=\"so-panel widget widget_sow-headline panel-first-child panel-last-child\" data-index=\"0\" ><div class=\"panel-widget-style panel-widget-style-for-345-0-0-0\" ><div\n\t\t\t\n\t\t\tclass=\"so-widget-sow-headline so-widget-sow-headline-default-df9d4c487e0f-345\"\n\t\t\t\n\t\t><div class=\"sow-headline-container\">\n\t\t\t\t\t\t\t<h1 class=\"sow-headline\">\n\t\t\t\t\t\tDental services:\t\t\t\t\t\t<\/h1>\n\t\t\t\t\t\t\t\t\t\t\t<div class=\"decoration\">\n\t\t\t\t\t\t<div class=\"decoration-inside\"><\/div>\n\t\t\t\t\t<\/div>\n\t\t\t\t\t<\/div>\n<\/div><\/div><\/div><\/div><\/div><div id=\"pg-345-1\"  class=\"panel-grid panel-no-style\" ><div id=\"pgc-345-1-0\"  class=\"panel-grid-cell\" ><div id=\"panel-345-1-0-0\" class=\"so-panel widget widget_sow-features panel-first-child panel-last-child\" data-index=\"1\" ><div\n\t\t\t\n\t\t\tclass=\"so-widget-sow-features so-widget-sow-features-default-0e0f8d436f18-345\"\n\t\t\t\n\t\t>\n<div class=\"sow-features-list sow-features-responsive\">\n\n\t\t\t\t\t\t\t\t\t<div\n\t\t\t\tclass=\"sow-features-feature sow-icon-container-position-top\"\n\t\t\t\tstyle=\"display: flex; flex-direction: column; width: calc(33.333% - 25px);\"\n\t\t\t>\n\t\t\t\n\t\t\t\t\t\t\t\t\t<a\n\t\t\t\t\t\thref=\"https:\/\/estetikadent.rs\/en\/usluge\/periodontology\/\"\n\t\t\t\t\t\t\t\t\t\t\t>\n\t\t\t\t\t\t\t\t<div\n\t\t\t\t\tclass=\"sow-icon-container sow-container-rounded-square\"\n\t\t\t\t\tstyle=\"color: #02a8e2; \"\n\t\t\t\t\ttitle=\"Oral Surgery\"\t\t\t\t>\n\t\t\t\t\t\t\t\t\t\t\t\t<div class=\"sow-icon-image\" style=\"background-image: url(https:\/\/estetikadent.rs\/wp-content\/uploads\/2020\/07\/our-services2.png); font-size: 24px\"><\/div>\n\t\t\t\t\t\t\t\t\t\t\t<\/div>\n\t\t\t\t\t\t\t\t\t<\/a>\n\t\t\t\t\t\n\t\t\t\t<div class=\"textwidget\">\n\t\t\t\t\t\n\t\t\t\t\t\t\t\t\t\t\t<h5 class=\"sow-features-feature-title\">\n\t\t\t\t\t\t\t\t\t\t\t\t\t\t\t<a\n\t\t\t\t\t\t\t\t\thref=\"https:\/\/estetikadent.rs\/en\/usluge\/periodontology\/\"\n\t\t\t\t\t\t\t\t\t\t\t\t\t\t\t\t\t>\n\t\t\t\t\t\t\t\n\t\t\t\t\t\t\tPeriodontology\t\t\t\t\t\t\t\t\t\t\t\t\t\t\t<\/a>\n\t\t\t\t\t\t\t\t\t\t\t\t\t<\/h5>\n\t\t\t\t\t\n\t\t\t\t\t\n\t\t\t\t\t\t\t\t\t<\/div>\n\t\t\t\t\t\t\t\t\n\t\t\t\t\t\t\t<\/div>\n\n\t\t\t\t\t\t\t\t<div\n\t\t\t\tclass=\"sow-features-feature sow-icon-container-position-top\"\n\t\t\t\tstyle=\"display: flex; flex-direction: column; width: calc(33.333% - 25px);\"\n\t\t\t>\n\t\t\t\n\t\t\t\t\t\t\t\t\t<a\n\t\t\t\t\t\thref=\"https:\/\/estetikadent.rs\/en\/usluge\/implantologija\/\"\n\t\t\t\t\t\t\t\t\t\t\t>\n\t\t\t\t\t\t\t\t<div\n\t\t\t\t\tclass=\"sow-icon-container sow-container-rounded-square\"\n\t\t\t\t\tstyle=\"color: #02a8e2; \"\n\t\t\t\t\ttitle=\"Implantology\"\t\t\t\t>\n\t\t\t\t\t\t\t\t\t\t\t\t<div class=\"sow-icon-image\" style=\"background-image: url(https:\/\/estetikadent.rs\/wp-content\/uploads\/2020\/07\/our-services2.png); font-size: 24px\"><\/div>\n\t\t\t\t\t\t\t\t\t\t\t<\/div>\n\t\t\t\t\t\t\t\t\t<\/a>\n\t\t\t\t\t\n\t\t\t\t<div class=\"textwidget\">\n\t\t\t\t\t\n\t\t\t\t\t\t\t\t\t\t\t<h5 class=\"sow-features-feature-title\">\n\t\t\t\t\t\t\t\t\t\t\t\t\t\t\t<a\n\t\t\t\t\t\t\t\t\thref=\"https:\/\/estetikadent.rs\/en\/usluge\/implantologija\/\"\n\t\t\t\t\t\t\t\t\t\t\t\t\t\t\t\t\t>\n\t\t\t\t\t\t\t\n\t\t\t\t\t\t\tImplantology\t\t\t\t\t\t\t\t\t\t\t\t\t\t\t<\/a>\n\t\t\t\t\t\t\t\t\t\t\t\t\t<\/h5>\n\t\t\t\t\t\n\t\t\t\t\t\n\t\t\t\t\t\t\t\t\t<\/div>\n\t\t\t\t\t\t\t\t\n\t\t\t\t\t\t\t<\/div>\n\n\t\t\t\t\t\t\t\t<div\n\t\t\t\tclass=\"sow-features-feature sow-icon-container-position-top\"\n\t\t\t\tstyle=\"display: flex; flex-direction: column; width: calc(33.333% - 25px);\"\n\t\t\t>\n\t\t\t\n\t\t\t\t\t\t\t\t\t<a\n\t\t\t\t\t\thref=\"https:\/\/estetikadent.rs\/en\/usluge\/teeth-whitening\/\"\n\t\t\t\t\t\t\t\t\t\t\t>\n\t\t\t\t\t\t\t\t<div\n\t\t\t\t\tclass=\"sow-icon-container sow-container-rounded-square\"\n\t\t\t\t\tstyle=\"color: #02a8e2; \"\n\t\t\t\t\ttitle=\"Teeth whitening\"\t\t\t\t>\n\t\t\t\t\t\t\t\t\t\t\t\t<div class=\"sow-icon-image\" style=\"background-image: url(https:\/\/estetikadent.rs\/wp-content\/uploads\/2020\/07\/our-services4.png); font-size: 24px\"><\/div>\n\t\t\t\t\t\t\t\t\t\t\t<\/div>\n\t\t\t\t\t\t\t\t\t<\/a>\n\t\t\t\t\t\n\t\t\t\t<div class=\"textwidget\">\n\t\t\t\t\t\n\t\t\t\t\t\t\t\t\t\t\t<h5 class=\"sow-features-feature-title\">\n\t\t\t\t\t\t\t\t\t\t\t\t\t\t\t<a\n\t\t\t\t\t\t\t\t\thref=\"https:\/\/estetikadent.rs\/en\/usluge\/teeth-whitening\/\"\n\t\t\t\t\t\t\t\t\t\t\t\t\t\t\t\t\t>\n\t\t\t\t\t\t\t\n\t\t\t\t\t\t\tTeeth whitening\t\t\t\t\t\t\t\t\t\t\t\t\t\t\t<\/a>\n\t\t\t\t\t\t\t\t\t\t\t\t\t<\/h5>\n\t\t\t\t\t\n\t\t\t\t\t\n\t\t\t\t\t\t\t\t\t<\/div>\n\t\t\t\t\t\t\t\t\n\t\t\t\t\t\t\t<\/div>\n\n\t\t\t\t\t\t\t\t<div\n\t\t\t\tclass=\"sow-features-feature sow-icon-container-position-top\"\n\t\t\t\tstyle=\"display: flex; flex-direction: column; width: calc(33.333% - 25px);\"\n\t\t\t>\n\t\t\t\n\t\t\t\t\t\t\t\t\t<a\n\t\t\t\t\t\thref=\"https:\/\/estetikadent.rs\/en\/usluge\/mobile-prosthetics\/\"\n\t\t\t\t\t\t\t\t\t\t\t>\n\t\t\t\t\t\t\t\t<div\n\t\t\t\t\tclass=\"sow-icon-container sow-container-rounded-square\"\n\t\t\t\t\tstyle=\"color: #02a8e2; \"\n\t\t\t\t\ttitle=\"Protetika\"\t\t\t\t>\n\t\t\t\t\t\t\t\t\t\t\t\t<div class=\"sow-icon-image\" style=\"background-image: url(https:\/\/estetikadent.rs\/wp-content\/uploads\/2020\/07\/our-services6.png); font-size: 24px\"><\/div>\n\t\t\t\t\t\t\t\t\t\t\t<\/div>\n\t\t\t\t\t\t\t\t\t<\/a>\n\t\t\t\t\t\n\t\t\t\t<div class=\"textwidget\">\n\t\t\t\t\t\n\t\t\t\t\t\t\t\t\t\t\t<h5 class=\"sow-features-feature-title\">\n\t\t\t\t\t\t\t\t\t\t\t\t\t\t\t<a\n\t\t\t\t\t\t\t\t\thref=\"https:\/\/estetikadent.rs\/en\/usluge\/mobile-prosthetics\/\"\n\t\t\t\t\t\t\t\t\t\t\t\t\t\t\t\t\t>\n\t\t\t\t\t\t\t\n\t\t\t\t\t\t\tMobile Prosthetics\t\t\t\t\t\t\t\t\t\t\t\t\t\t\t<\/a>\n\t\t\t\t\t\t\t\t\t\t\t\t\t<\/h5>\n\t\t\t\t\t\n\t\t\t\t\t\n\t\t\t\t\t\t\t\t\t<\/div>\n\t\t\t\t\t\t\t\t\n\t\t\t\t\t\t\t<\/div>\n\n\t\t\t\t\t\t\t\t<div\n\t\t\t\tclass=\"sow-features-feature sow-icon-container-position-top\"\n\t\t\t\tstyle=\"display: flex; flex-direction: column; width: calc(33.333% - 25px);\"\n\t\t\t>\n\t\t\t\n\t\t\t\t\t\t\t\t\t<a\n\t\t\t\t\t\thref=\"https:\/\/estetikadent.rs\/en\/usluge\/fixed-prosthetics\/\"\n\t\t\t\t\t\t\t\t\t\t\t>\n\t\t\t\t\t\t\t\t<div\n\t\t\t\t\tclass=\"sow-icon-container sow-container-rounded-square\"\n\t\t\t\t\tstyle=\"color: #02a8e2; \"\n\t\t\t\t\ttitle=\"Protetika\"\t\t\t\t>\n\t\t\t\t\t\t\t\t\t\t\t\t<div class=\"sow-icon-image\" style=\"background-image: url(https:\/\/estetikadent.rs\/wp-content\/uploads\/2020\/07\/our-services6.png); font-size: 24px\"><\/div>\n\t\t\t\t\t\t\t\t\t\t\t<\/div>\n\t\t\t\t\t\t\t\t\t<\/a>\n\t\t\t\t\t\n\t\t\t\t<div class=\"textwidget\">\n\t\t\t\t\t\n\t\t\t\t\t\t\t\t\t\t\t<h5 class=\"sow-features-feature-title\">\n\t\t\t\t\t\t\t\t\t\t\t\t\t\t\t<a\n\t\t\t\t\t\t\t\t\thref=\"https:\/\/estetikadent.rs\/en\/usluge\/fixed-prosthetics\/\"\n\t\t\t\t\t\t\t\t\t\t\t\t\t\t\t\t\t>\n\t\t\t\t\t\t\t\n\t\t\t\t\t\t\tFixed Prosthetics\t\t\t\t\t\t\t\t\t\t\t\t\t\t\t<\/a>\n\t\t\t\t\t\t\t\t\t\t\t\t\t<\/h5>\n\t\t\t\t\t\n\t\t\t\t\t\n\t\t\t\t\t\t\t\t\t<\/div>\n\t\t\t\t\t\t\t\t\n\t\t\t\t\t\t\t<\/div>\n\n\t\t\t\t\t\t\t\t<div\n\t\t\t\tclass=\"sow-features-feature sow-icon-container-position-top\"\n\t\t\t\tstyle=\"display: flex; flex-direction: column; width: calc(33.333% - 25px);\"\n\t\t\t>\n\t\t\t\n\t\t\t\t\t\t\t\t\t<a\n\t\t\t\t\t\thref=\"https:\/\/estetikadent.rs\/en\/usluge\/orthodontics\/\"\n\t\t\t\t\t\t\t\t\t\t\t>\n\t\t\t\t\t\t\t\t<div\n\t\t\t\t\tclass=\"sow-icon-container sow-container-rounded-square\"\n\t\t\t\t\tstyle=\"color: #02a8e2; \"\n\t\t\t\t\ttitle=\"Orthodontics\"\t\t\t\t>\n\t\t\t\t\t\t\t\t\t\t\t\t<div class=\"sow-icon-image\" style=\"background-image: url(https:\/\/estetikadent.rs\/wp-content\/uploads\/2020\/07\/our-services3.png); font-size: 24px\"><\/div>\n\t\t\t\t\t\t\t\t\t\t\t<\/div>\n\t\t\t\t\t\t\t\t\t<\/a>\n\t\t\t\t\t\n\t\t\t\t<div class=\"textwidget\">\n\t\t\t\t\t\n\t\t\t\t\t\t\t\t\t\t\t<h5 class=\"sow-features-feature-title\">\n\t\t\t\t\t\t\t\t\t\t\t\t\t\t\t<a\n\t\t\t\t\t\t\t\t\thref=\"https:\/\/estetikadent.rs\/en\/usluge\/orthodontics\/\"\n\t\t\t\t\t\t\t\t\t\t\t\t\t\t\t\t\t>\n\t\t\t\t\t\t\t\n\t\t\t\t\t\t\tOrthodontics\t\t\t\t\t\t\t\t\t\t\t\t\t\t\t<\/a>\n\t\t\t\t\t\t\t\t\t\t\t\t\t<\/h5>\n\t\t\t\t\t\n\t\t\t\t\t\n\t\t\t\t\t\t\t\t\t<\/div>\n\t\t\t\t\t\t\t\t\n\t\t\t\t\t\t\t<\/div>\n\n\t\t\t\t\t\t\t\t<div\n\t\t\t\tclass=\"sow-features-feature sow-icon-container-position-top\"\n\t\t\t\tstyle=\"display: flex; flex-direction: column; width: calc(33.333% - 25px);\"\n\t\t\t>\n\t\t\t\n\t\t\t\t\t\t\t\t\t<a\n\t\t\t\t\t\thref=\"https:\/\/estetikadent.rs\/en\/usluge\/dental-repair-and-treatment\/\"\n\t\t\t\t\t\t\t\t\t\t\t>\n\t\t\t\t\t\t\t\t<div\n\t\t\t\t\tclass=\"sow-icon-container sow-container-rounded-square\"\n\t\t\t\t\tstyle=\"color: #02a8e2; \"\n\t\t\t\t\ttitle=\"Dental Repair and Treatment\"\t\t\t\t>\n\t\t\t\t\t\t\t\t\t\t\t\t<div class=\"sow-icon-image\" style=\"background-image: url(https:\/\/estetikadent.rs\/wp-content\/uploads\/2020\/07\/our-services1.png); font-size: 24px\"><\/div>\n\t\t\t\t\t\t\t\t\t\t\t<\/div>\n\t\t\t\t\t\t\t\t\t<\/a>\n\t\t\t\t\t\n\t\t\t\t<div class=\"textwidget\">\n\t\t\t\t\t\n\t\t\t\t\t\t\t\t\t\t\t<h5 class=\"sow-features-feature-title\">\n\t\t\t\t\t\t\t\t\t\t\t\t\t\t\t<a\n\t\t\t\t\t\t\t\t\thref=\"https:\/\/estetikadent.rs\/en\/usluge\/dental-repair-and-treatment\/\"\n\t\t\t\t\t\t\t\t\t\t\t\t\t\t\t\t\t>\n\t\t\t\t\t\t\t\n\t\t\t\t\t\t\tDental Repair and Treatment\t\t\t\t\t\t\t\t\t\t\t\t\t\t\t<\/a>\n\t\t\t\t\t\t\t\t\t\t\t\t\t<\/h5>\n\t\t\t\t\t\n\t\t\t\t\t\n\t\t\t\t\t\t\t\t\t<\/div>\n\t\t\t\t\t\t\t\t\n\t\t\t\t\t\t\t<\/div>\n\n\t\t\t\t\t\t\t\t<div\n\t\t\t\tclass=\"sow-features-feature sow-icon-container-position-top\"\n\t\t\t\tstyle=\"display: flex; flex-direction: column; width: calc(33.333% - 25px);\"\n\t\t\t>\n\t\t\t\n\t\t\t\t\t\t\t\t\t<a\n\t\t\t\t\t\thref=\"https:\/\/estetikadent.rs\/en\/usluge\/rad-sa-decom\/\"\n\t\t\t\t\t\t\t\t\t\t\t>\n\t\t\t\t\t\t\t\t<div\n\t\t\t\t\tclass=\"sow-icon-container sow-container-rounded-square\"\n\t\t\t\t\tstyle=\"color: #02a8e2; \"\n\t\t\t\t\ttitle=\"Working with Children\"\t\t\t\t>\n\t\t\t\t\t\t\t\t\t\t\t\t<div class=\"sow-icon-image\" style=\"background-image: url(https:\/\/estetikadent.rs\/wp-content\/uploads\/2020\/07\/our-services5.png); font-size: 24px\"><\/div>\n\t\t\t\t\t\t\t\t\t\t\t<\/div>\n\t\t\t\t\t\t\t\t\t<\/a>\n\t\t\t\t\t\n\t\t\t\t<div class=\"textwidget\">\n\t\t\t\t\t\n\t\t\t\t\t\t\t\t\t\t\t<h5 class=\"sow-features-feature-title\">\n\t\t\t\t\t\t\t\t\t\t\t\t\t\t\t<a\n\t\t\t\t\t\t\t\t\thref=\"https:\/\/estetikadent.rs\/en\/usluge\/rad-sa-decom\/\"\n\t\t\t\t\t\t\t\t\t\t\t\t\t\t\t\t\t>\n\t\t\t\t\t\t\t\n\t\t\t\t\t\t\tWorking with Children\t\t\t\t\t\t\t\t\t\t\t\t\t\t\t<\/a>\n\t\t\t\t\t\t\t\t\t\t\t\t\t<\/h5>\n\t\t\t\t\t\n\t\t\t\t\t\n\t\t\t\t\t\t\t\t\t<\/div>\n\t\t\t\t\t\t\t\t\n\t\t\t\t\t\t\t<\/div>\n\n\t\t\t\t\t\t\t\t<div\n\t\t\t\tclass=\"sow-features-feature sow-icon-container-position-top\"\n\t\t\t\tstyle=\"display: flex; flex-direction: column; width: calc(33.333% - 25px);\"\n\t\t\t>\n\t\t\t\n\t\t\t\t\t\t\t\t\t<a\n\t\t\t\t\t\thref=\"https:\/\/estetikadent.rs\/en\/usluge\/digital-imaging\/\"\n\t\t\t\t\t\t\t\t\t\t\t>\n\t\t\t\t\t\t\t\t<div\n\t\t\t\t\tclass=\"sow-icon-container sow-container-rounded-square\"\n\t\t\t\t\tstyle=\"color: #02a8e2; \"\n\t\t\t\t\ttitle=\"Digital Imaging\"\t\t\t\t>\n\t\t\t\t\t\t\t\t\t\t\t\t<div class=\"sow-icon-image\" style=\"background-image: url(https:\/\/estetikadent.rs\/wp-content\/uploads\/2020\/07\/our-services2.png); font-size: 24px\"><\/div>\n\t\t\t\t\t\t\t\t\t\t\t<\/div>\n\t\t\t\t\t\t\t\t\t<\/a>\n\t\t\t\t\t\n\t\t\t\t<div class=\"textwidget\">\n\t\t\t\t\t\n\t\t\t\t\t\t\t\t\t\t\t<h5 class=\"sow-features-feature-title\">\n\t\t\t\t\t\t\t\t\t\t\t\t\t\t\t<a\n\t\t\t\t\t\t\t\t\thref=\"https:\/\/estetikadent.rs\/en\/usluge\/digital-imaging\/\"\n\t\t\t\t\t\t\t\t\t\t\t\t\t\t\t\t\t>\n\t\t\t\t\t\t\t\n\t\t\t\t\t\t\tDigital Imaging\t\t\t\t\t\t\t\t\t\t\t\t\t\t\t<\/a>\n\t\t\t\t\t\t\t\t\t\t\t\t\t<\/h5>\n\t\t\t\t\t\n\t\t\t\t\t\n\t\t\t\t\t\t\t\t\t<\/div>\n\t\t\t\t\t\t\t\t\n\t\t\t\t\t\t\t<\/div>\n\n\t\t\t\n<\/div>\n<\/div><\/div><\/div><\/div><div id=\"pg-345-2\"  class=\"panel-grid panel-no-style\" ><div id=\"pgc-345-2-0\"  class=\"panel-grid-cell\" ><div id=\"panel-345-2-0-0\" class=\"so-panel widget widget_sow-cta panel-first-child panel-last-child\" data-index=\"2\" ><div\n\t\t\t\n\t\t\tclass=\"so-widget-sow-cta so-widget-sow-cta-default-7eae6b58e905-345\"\n\t\t\t\n\t\t><div\n\tclass=\"sow-cta-base\"\n\t>\n\t\n\t<div class=\"sow-cta-wrapper\">\n\n\t\t<div class=\"sow-cta-text\">\n\t\t\t\t\t\t\t<h4 class=\"sow-cta-title\">\n\t\t\t\t\tHyaluron and Botox\t\t\t\t<\/h4>\n\t\t\t\n\t\t\t\t\t<\/div>\n\n\t\t<div\n\t\t\t\n\t\t\tclass=\"so-widget-sow-button so-widget-sow-button-atom-d7ad3148239c\"\n\t\t\t\n\t\t><div class=\"ow-button-base ow-button-align-center\"\n>\n\t\t\t<a\n\t\t\t\t\thref=\"https:\/\/estetikadent.rs\/en\/usluge\/hyaluron-and-botox\/\"\n\t\t\t\t\tclass=\"sowb-button ow-icon-placement-left ow-button-hover\" \t>\n\t\t<span>\n\t\t\t\t\t\t\t<div class=\"sow-icon-image\" style=\"background-image: url(https:\/\/estetikadent.rs\/wp-content\/uploads\/2020\/07\/our-services2.png)\"><\/div>\n\t\t\t\t\n\t\t\tLean more\t\t<\/span>\n\t\t\t<\/a>\n\t<\/div>\n<\/div>\n\t<\/div>\n\n\t<\/div>\n<\/div><\/div><\/div><\/div><div id=\"pg-345-3\"  class=\"panel-grid panel-no-style\" ><div id=\"pgc-345-3-0\"  class=\"panel-grid-cell\" ><div id=\"panel-345-3-0-0\" class=\"so-panel widget widget_sow-headline panel-first-child panel-last-child\" data-index=\"3\" ><div\n\t\t\t\n\t\t\tclass=\"so-widget-sow-headline so-widget-sow-headline-default-1125aff2d5f0-345\"\n\t\t\t\n\t\t><div class=\"sow-headline-container\">\n\t\t\t\t\t\t\t<h3 class=\"sow-headline\">\n\t\t\t\t\t\tBlog\t\t\t\t\t\t<\/h3>\n\t\t\t\t\t\t\t\t\t\t\t<div class=\"decoration\">\n\t\t\t\t\t\t<div class=\"decoration-inside\"><\/div>\n\t\t\t\t\t<\/div>\n\t\t\t\t\t<\/div>\n<\/div><\/div><\/div><\/div><div id=\"pg-345-4\"  class=\"panel-grid panel-no-style\" ><div id=\"pgc-345-4-0\"  class=\"panel-grid-cell\" ><div id=\"panel-345-4-0-0\" class=\"so-panel widget widget_media_video panel-first-child panel-last-child\" data-index=\"4\" ><h3 class=\"widget-title\">Tips<\/h3><div style=\"width:100%;\" class=\"wp-video\"><!--[if lt IE 9]><script>document.createElement('video');<\/script><![endif]-->\n<video class=\"wp-video-shortcode\" id=\"video-345-1\" preload=\"metadata\" controls=\"controls\"><source type=\"video\/x-flv\" src=\"https:\/\/estetikadent.rs\/wp-content\/uploads\/2020\/11\/saveti.flv?_=1\" \/><source type=\"video\/x-flv\" src=\"https:\/\/estetikadent.rs\/wp-content\/uploads\/2020\/11\/saveti.flv?_=1\" \/><a href=\"https:\/\/estetikadent.rs\/wp-content\/uploads\/2020\/11\/saveti.flv\">https:\/\/estetikadent.rs\/wp-content\/uploads\/2020\/11\/saveti.flv<\/a><\/video><\/div><\/div><\/div><div id=\"pgc-345-4-1\"  class=\"panel-grid-cell\" ><div id=\"panel-345-4-1-0\" class=\"so-panel widget widget_media_video panel-first-child panel-last-child\" data-index=\"5\" ><h3 class=\"widget-title\">Proper dental care<\/h3><div style=\"width:100%;\" class=\"wp-video\"><video class=\"wp-video-shortcode\" id=\"video-345-2\" preload=\"metadata\" controls=\"controls\"><source type=\"video\/x-flv\" src=\"https:\/\/estetikadent.rs\/wp-content\/uploads\/2020\/11\/pravilna-nega-zuba.flv?_=2\" \/><source type=\"video\/x-flv\" src=\"https:\/\/estetikadent.rs\/wp-content\/uploads\/2020\/11\/pravilna-nega-zuba.flv?_=2\" \/><a href=\"https:\/\/estetikadent.rs\/wp-content\/uploads\/2020\/11\/pravilna-nega-zuba.flv\">https:\/\/estetikadent.rs\/wp-content\/uploads\/2020\/11\/pravilna-nega-zuba.flv<\/a><\/video><\/div><\/div><\/div><\/div><\/div>","protected":false},"excerpt":{"rendered":"<p>Stomatolo\u0161ke usluge: Parodontologija Implantologija Beljenje zuba Mobilna protetika Fiksna protetika Ortodoncija Popravka i le\u010denje Rad sa decom Digitalno snimanje Hijaluron i Botox Saznaj vi\u0161e Korisni saveti Savetihttps:\/\/estetikadent.rs\/wp-content\/uploads\/2020\/11\/saveti.flvPravilna nega zubahttps:\/\/estetikadent.rs\/wp-content\/uploads\/2020\/11\/pravilna-nega-zuba.flv<\/p>","protected":false},"author":3,"featured_media":0,"parent":0,"menu_order":0,"comment_status":"closed","ping_status":"closed","template":"","meta":{"footnotes":""},"class_list":["post-345","page","type-page","status-publish","hentry"],"yoast_head":"<!-- This site is optimized with the Yoast SEO plugin v25.1 - https:\/\/yoast.com\/wordpress\/plugins\/seo\/ -->\n<title>Stomatolo\u0161ke Usluge | Stomatolo\u0161ka Poliklinika Estetika Dent<\/title>\n<meta name=\"description\" content=\"Vr\u0161imo sve stomatolo\u0161kie usluge! Estetika Dent je tu da vam pomogne oko bilo koje intervencije. Zaka\u017eite besplatan pregled!\" \/>\n<meta name=\"robots\" content=\"index, follow, max-snippet:-1, max-image-preview:large, max-video-preview:-1\" \/>\n<link rel=\"canonical\" href=\"https:\/\/estetikadent.rs\/en\/dental-services\/\" \/>\n<meta property=\"og:locale\" content=\"en_GB\" \/>\n<meta property=\"og:type\" content=\"article\" \/>\n<meta property=\"og:title\" content=\"Stomatolo\u0161ke Usluge | Stomatolo\u0161ka Poliklinika Estetika Dent\" \/>\n<meta property=\"og:description\" content=\"Vr\u0161imo sve stomatolo\u0161kie usluge! Estetika Dent je tu da vam pomogne oko bilo koje intervencije. Zaka\u017eite besplatan pregled!\" \/>\n<meta property=\"og:url\" content=\"https:\/\/estetikadent.rs\/en\/dental-services\/\" \/>\n<meta property=\"og:site_name\" content=\"Estetika Dent\" \/>\n<meta property=\"article:modified_time\" content=\"2020-11-30T11:59:19+00:00\" \/>\n<meta name=\"twitter:card\" content=\"summary_large_image\" \/>\n<script type=\"application\/ld+json\" class=\"yoast-schema-graph\">{\"@context\":\"https:\/\/schema.org\",\"@graph\":[{\"@type\":\"WebPage\",\"@id\":\"https:\/\/estetikadent.rs\/stomatoloske-usluge\/\",\"url\":\"https:\/\/estetikadent.rs\/stomatoloske-usluge\/\",\"name\":\"Stomatolo\u0161ke Usluge | Stomatolo\u0161ka Poliklinika Estetika Dent\",\"isPartOf\":{\"@id\":\"https:\/\/estetikadent.rs\/#website\"},\"datePublished\":\"2020-11-05T13:49:36+00:00\",\"dateModified\":\"2020-11-30T11:59:19+00:00\",\"description\":\"Vr\u0161imo sve stomatolo\u0161kie usluge! Estetika Dent je tu da vam pomogne oko bilo koje intervencije. Zaka\u017eite besplatan pregled!\",\"breadcrumb\":{\"@id\":\"https:\/\/estetikadent.rs\/stomatoloske-usluge\/#breadcrumb\"},\"inLanguage\":\"en-GB\",\"potentialAction\":[{\"@type\":\"ReadAction\",\"target\":[\"https:\/\/estetikadent.rs\/stomatoloske-usluge\/\"]}]},{\"@type\":\"BreadcrumbList\",\"@id\":\"https:\/\/estetikadent.rs\/stomatoloske-usluge\/#breadcrumb\",\"itemListElement\":[{\"@type\":\"ListItem\",\"position\":1,\"name\":\"Home\",\"item\":\"https:\/\/estetikadent.rs\/\"},{\"@type\":\"ListItem\",\"position\":2,\"name\":\"Stomatolo\u0161ke Usluge\"}]},{\"@type\":\"WebSite\",\"@id\":\"https:\/\/estetikadent.rs\/#website\",\"url\":\"https:\/\/estetikadent.rs\/\",\"name\":\"Estetika Dent\",\"description\":\"Stomatolo\u0161ka Poliklinika Novi Sad\",\"potentialAction\":[{\"@type\":\"SearchAction\",\"target\":{\"@type\":\"EntryPoint\",\"urlTemplate\":\"https:\/\/estetikadent.rs\/?s={search_term_string}\"},\"query-input\":{\"@type\":\"PropertyValueSpecification\",\"valueRequired\":true,\"valueName\":\"search_term_string\"}}],\"inLanguage\":\"en-GB\"}]}<\/script>\n<!-- \/ Yoast SEO plugin. -->","yoast_head_json":{"title":"Stomatolo\u0161ke Usluge | Stomatolo\u0161ka Poliklinika Estetika Dent","description":"Vr\u0161imo sve stomatolo\u0161kie usluge! Estetika Dent je tu da vam pomogne oko bilo koje intervencije. Zaka\u017eite besplatan pregled!","robots":{"index":"index","follow":"follow","max-snippet":"max-snippet:-1","max-image-preview":"max-image-preview:large","max-video-preview":"max-video-preview:-1"},"canonical":"https:\/\/estetikadent.rs\/en\/dental-services\/","og_locale":"en_GB","og_type":"article","og_title":"Stomatolo\u0161ke Usluge | Stomatolo\u0161ka Poliklinika Estetika Dent","og_description":"Vr\u0161imo sve stomatolo\u0161kie usluge! Estetika Dent je tu da vam pomogne oko bilo koje intervencije. Zaka\u017eite besplatan pregled!","og_url":"https:\/\/estetikadent.rs\/en\/dental-services\/","og_site_name":"Estetika Dent","article_modified_time":"2020-11-30T11:59:19+00:00","twitter_card":"summary_large_image","schema":{"@context":"https:\/\/schema.org","@graph":[{"@type":"WebPage","@id":"https:\/\/estetikadent.rs\/stomatoloske-usluge\/","url":"https:\/\/estetikadent.rs\/stomatoloske-usluge\/","name":"Stomatolo\u0161ke Usluge | Stomatolo\u0161ka Poliklinika Estetika Dent","isPartOf":{"@id":"https:\/\/estetikadent.rs\/#website"},"datePublished":"2020-11-05T13:49:36+00:00","dateModified":"2020-11-30T11:59:19+00:00","description":"Vr\u0161imo sve stomatolo\u0161kie usluge! Estetika Dent je tu da vam pomogne oko bilo koje intervencije. Zaka\u017eite besplatan pregled!","breadcrumb":{"@id":"https:\/\/estetikadent.rs\/stomatoloske-usluge\/#breadcrumb"},"inLanguage":"en-GB","potentialAction":[{"@type":"ReadAction","target":["https:\/\/estetikadent.rs\/stomatoloske-usluge\/"]}]},{"@type":"BreadcrumbList","@id":"https:\/\/estetikadent.rs\/stomatoloske-usluge\/#breadcrumb","itemListElement":[{"@type":"ListItem","position":1,"name":"Home","item":"https:\/\/estetikadent.rs\/"},{"@type":"ListItem","position":2,"name":"Stomatolo\u0161ke Usluge"}]},{"@type":"WebSite","@id":"https:\/\/estetikadent.rs\/#website","url":"https:\/\/estetikadent.rs\/","name":"Estetika Dent","description":"Stomatolo\u0161ka Poliklinika Novi Sad","potentialAction":[{"@type":"SearchAction","target":{"@type":"EntryPoint","urlTemplate":"https:\/\/estetikadent.rs\/?s={search_term_string}"},"query-input":{"@type":"PropertyValueSpecification","valueRequired":true,"valueName":"search_term_string"}}],"inLanguage":"en-GB"}]}},"_links":{"self":[{"href":"https:\/\/estetikadent.rs\/en\/wp-json\/wp\/v2\/pages\/345","targetHints":{"allow":["GET"]}}],"collection":[{"href":"https:\/\/estetikadent.rs\/en\/wp-json\/wp\/v2\/pages"}],"about":[{"href":"https:\/\/estetikadent.rs\/en\/wp-json\/wp\/v2\/types\/page"}],"author":[{"embeddable":true,"href":"https:\/\/estetikadent.rs\/en\/wp-json\/wp\/v2\/users\/3"}],"replies":[{"embeddable":true,"href":"https:\/\/estetikadent.rs\/en\/wp-json\/wp\/v2\/comments?post=345"}],"version-history":[{"count":87,"href":"https:\/\/estetikadent.rs\/en\/wp-json\/wp\/v2\/pages\/345\/revisions"}],"predecessor-version":[{"id":1123,"href":"https:\/\/estetikadent.rs\/en\/wp-json\/wp\/v2\/pages\/345\/revisions\/1123"}],"wp:attachment":[{"href":"https:\/\/estetikadent.rs\/en\/wp-json\/wp\/v2\/media?parent=345"}],"curies":[{"name":"wp","href":"https:\/\/api.w.org\/{rel}","templated":true}]}}