  {"id":258,"date":"2020-11-04T14:28:45","date_gmt":"2020-11-04T14:28:45","guid":{"rendered":"https:\/\/estetikadent.rs\/?page_id=258"},"modified":"2023-06-30T19:28:58","modified_gmt":"2023-06-30T19:28:58","slug":"dentalni-turizam","status":"publish","type":"page","link":"https:\/\/estetikadent.rs\/en\/dental-tourism\/","title":{"rendered":"Dental Tourism"},"content":{"rendered":"<div id=\"pl-258\"  class=\"panel-layout\" ><div id=\"pg-258-0\"  class=\"panel-grid panel-no-style\" ><div id=\"pgc-258-0-0\"  class=\"panel-grid-cell\" ><div id=\"panel-258-0-0-0\" class=\"so-panel widget widget_sow-headline panel-first-child\" data-index=\"0\" ><div class=\"panel-widget-style panel-widget-style-for-258-0-0-0\" ><div\n\t\t\t\n\t\t\tclass=\"so-widget-sow-headline so-widget-sow-headline-default-a59034e26390-258\"\n\t\t\t\n\t\t><div class=\"sow-headline-container\">\n\t\t\t\t\t\t\t<h2 class=\"sow-headline\">\n\t\t\t\t\t\tDental Tourism\t\t\t\t\t\t<\/h2>\n\t\t\t\t\t\t\t\t\t\t\t<div class=\"decoration\">\n\t\t\t\t\t\t<div class=\"decoration-inside\"><\/div>\n\t\t\t\t\t<\/div>\n\t\t\t\t\t<\/div>\n<\/div><\/div><\/div><div id=\"panel-258-0-0-1\" class=\"so-panel widget widget_sow-image\" data-index=\"1\" ><div\n\t\t\t\n\t\t\tclass=\"so-widget-sow-image so-widget-sow-image-default-c67d20f9f743-258\"\n\t\t\t\n\t\t>\n<div class=\"sow-image-container\">\n\t\t<img \n\tsrc=\"https:\/\/estetikadent.rs\/wp-content\/uploads\/2020\/11\/novi-sad.jpg\" width=\"640\" height=\"425\" srcset=\"https:\/\/estetikadent.rs\/wp-content\/uploads\/2020\/11\/novi-sad.jpg 640w, https:\/\/estetikadent.rs\/wp-content\/uploads\/2020\/11\/novi-sad-300x199.jpg 300w, https:\/\/estetikadent.rs\/wp-content\/uploads\/2020\/11\/novi-sad-272x182.jpg 272w\" sizes=\"(max-width: 640px) 100vw, 640px\" title=\"novi sad\" alt=\"dental turizam\" \t\tclass=\"so-widget-image\"\/>\n\t<\/div>\n\n<\/div><\/div><div id=\"panel-258-0-0-2\" class=\"so-panel widget widget_sow-editor\" data-index=\"2\" ><div class=\"panel-widget-style panel-widget-style-for-258-0-0-2\" ><div\n\t\t\t\n\t\t\tclass=\"so-widget-sow-editor so-widget-sow-editor-base\"\n\t\t\t\n\t\t>\n<div class=\"siteorigin-widget-tinymce textwidget\">\n\t<p><span style=\"font-weight: 400;\">Dental or stomatological tourism is a medical tourism branch involving traveling to another city or country to undergo a certain dental procedure or intervention. In short, it is a type of vacation whose primary goal is dental care but which also offers the opportunity to enjoy various tourist attractions and activities.<\/span><\/p>\n<\/div>\n<\/div><\/div><\/div><div id=\"panel-258-0-0-3\" class=\"so-panel widget widget_sow-headline\" data-index=\"3\" ><div\n\t\t\t\n\t\t\tclass=\"so-widget-sow-headline so-widget-sow-headline-default-116bbb714329-258\"\n\t\t\t\n\t\t><div class=\"sow-headline-container\">\n\t\t\t\t\t\t\t<h3 class=\"sow-headline\">\n\t\t\t\t\t\tAdvantages of dental tourism\t\t\t\t\t\t<\/h3>\n\t\t\t\t\t\t<\/div>\n<\/div><\/div><div id=\"panel-258-0-0-4\" class=\"so-panel widget widget_sow-editor panel-last-child\" data-index=\"4\" ><div class=\"panel-widget-style panel-widget-style-for-258-0-0-4\" ><div\n\t\t\t\n\t\t\tclass=\"so-widget-sow-editor so-widget-sow-editor-base\"\n\t\t\t\n\t\t>\n<div class=\"siteorigin-widget-tinymce textwidget\">\n\t<p><span style=\"font-weight: 400;\">One of the main reasons why dental tourism has experienced a boom in the past decade is the significant difference in the cost <a href=\"https:\/\/estetikadent.rs\/en\/dental-services\/\">of dental services.<\/a>Dental tourists, i.e., patients, can expect the highest quality dental services that are also applied in the most developed countries, all at prices that can be several times lower.These price differences are due to economic differences and different costs of living and working in different countries. It is, therefore, not surprising that people often decide to take such trips - they come to treat and beautify their teeth, and what they saved on dental treatments, they can use for vacation, sightseeing, and getting to know the country they came to. Despite all the relaxation and dental treatment, patients generally return home with some saved money compared to the amount they would have spent if they had undergone the same dental treatment in their own country.<\/span><\/p>\n<p><span style=\"font-weight: 400;\">The dental office \"Estetika Dent\" offers all services <a href=\"https:\/\/estetikadent.rs\/en\/usluge\/implantologija\/\">in implantology,<\/a>, <a href=\"https:\/\/estetikadent.rs\/en\/usluge\/periodontology\/\">periodontology<\/a>, <a href=\"https:\/\/estetikadent.rs\/en\/usluge\/orthodontics\/\">orthodontics,<\/a> and <a href=\"https:\/\/estetikadent.rs\/en\/usluge\/fixed-prosthetics\/\">prosthodontics,<\/a>, as well as all types of accommodation and transportation from and to the airport for all foreign patients. And in the meantime - enjoy the charms of Novi Sad, the European capital of culture!<\/span><\/p>\n<\/div>\n<\/div><\/div><\/div><\/div><\/div><div id=\"pg-258-1\"  class=\"panel-grid panel-no-style\" ><div id=\"pgc-258-1-0\"  class=\"panel-grid-cell\" ><div id=\"panel-258-1-0-0\" class=\"so-panel widget widget_sow-editor panel-first-child panel-last-child\" data-index=\"5\" ><div class=\"panel-widget-style panel-widget-style-for-258-1-0-0\" ><div\n\t\t\t\n\t\t\tclass=\"so-widget-sow-editor so-widget-sow-editor-base\"\n\t\t\t\n\t\t>\n<div class=\"siteorigin-widget-tinymce textwidget\">\n\t<p><b>Novi Sad<\/b><span style=\"font-weight: 400;\"> Novi Sad is the administrative, economic, cultural, scientific, and tourist center of the Autonomous Province of Vojvodina and the second-largest city in Serbia after Belgrade. It was founded in 1694 and was, for a long time, the center of Serbian culture, often called the Serbian Athens.<\/span><\/p>\n<p><span style=\"font-weight: 400;\">One of the most important starting points for Novi Sad's tourist routes is certainly the main city square - Liberty Square, surrounded by many old buildings, the most important of which are the City Hall and the Roman Catholic Church of the Name of Mary. The streets of Zmaj Jovina and Dunavska, intersected by passages with many shops, restaurants, craft shops, museums, and galleries, are part of the always lively pedestrian zone of the central city core. Pasi\u0107eva Street, with the streets of Zlatna Greda, Gr\u010dko\u0161kolska, Mileti\u0107eva, and Marija Trandafil Square, represents another important zone of the old core of Novi Sad, where the Cathedral of St. George, Platoneum, the building of the former Serbian Orthodox Gymnasium, Nikolajevska Church, and the Serbian Matica, among others, are located. \n\nOf course, a visit to Novi Sad cannot be complete without a visit to the Petrovaradin Fortress, one of the most significant preserved European fortifications. In addition to being a symbol of the city, it is also a witness to a multi-confessional tradition strongly based on European culture. Today, it is a space where there are about a hundred artistic studios, restaurants, cafes, museums, and galleries, and a place where the EXIT festival is held every year.<\/span><\/p>\n<p><span style=\"font-weight: 400;\">The dental office \"Estetika Dent\" and Novi Sad will be happy to be your hosts... <\/span><span style=\"font-weight: 400;\">\u00a0\u201cEstetika Dent\u201d i Novi Sad \u0107e rado biti Va\u0161i doma\u0107ini. Dobrodo\u0161li!<\/span><\/p>\n<\/div>\n<\/div><\/div><\/div><\/div><\/div><\/div>","protected":false},"excerpt":{"rendered":"<p>Stomatolo\u0161ki ili dentalni turizam je jedna od grana medicinskog turizma, a podrazumeva putovanje u drugi grad ili stranu dr\u017eavu zarad podvrgavanja odre\u0111enoj stomatolo\u0161koj proceduri ili intervenciji. Ukratko, to je vrsta odmora \u010diji je primarni cilj dentalna nega, ali koji nudi i mogu\u0107nost u\u017eivanja u raznim turisti\u010dkim atrakcijama i aktivnostima. Jedan od glavnih razloga zbog kog &hellip; <\/p>\n<p class=\"link-more\"><a href=\"https:\/\/estetikadent.rs\/en\/dental-tourism\/\" class=\"more-link\">Continue reading<span class=\"screen-reader-text\"> &#8222;Dentalni Turizam&#8220;<\/span><\/a><\/p>","protected":false},"author":3,"featured_media":0,"parent":0,"menu_order":0,"comment_status":"closed","ping_status":"closed","template":"","meta":{"footnotes":""},"class_list":["post-258","page","type-page","status-publish","hentry"],"yoast_head":"<!-- This site is optimized with the Yoast SEO plugin v25.1 - https:\/\/yoast.com\/wordpress\/plugins\/seo\/ -->\n<title>Dentalni Turizam | Stomatolo\u0161ka Poliklinika Estetika Dent<\/title>\n<meta name=\"description\" content=\"Dentalnim turzmom putujte i budite zdravi i lepi\u0161i! Uz Estetika Dent mo\u017eete obaviti sve stomatolo\u0161ke potrebe i u\u017eivati u \u010darima Novog Sada!\" \/>\n<meta name=\"robots\" content=\"index, follow, max-snippet:-1, max-image-preview:large, max-video-preview:-1\" \/>\n<link rel=\"canonical\" href=\"https:\/\/estetikadent.rs\/en\/dental-tourism\/\" \/>\n<meta property=\"og:locale\" content=\"en_GB\" \/>\n<meta property=\"og:type\" content=\"article\" \/>\n<meta property=\"og:title\" content=\"Dentalni Turizam | Stomatolo\u0161ka Poliklinika Estetika Dent\" \/>\n<meta property=\"og:description\" content=\"Dentalnim turzmom putujte i budite zdravi i lepi\u0161i! Uz Estetika Dent mo\u017eete obaviti sve stomatolo\u0161ke potrebe i u\u017eivati u \u010darima Novog Sada!\" \/>\n<meta property=\"og:url\" content=\"https:\/\/estetikadent.rs\/en\/dental-tourism\/\" \/>\n<meta property=\"og:site_name\" content=\"Estetika Dent\" \/>\n<meta property=\"article:modified_time\" content=\"2023-06-30T19:28:58+00:00\" \/>\n<meta name=\"twitter:card\" content=\"summary_large_image\" \/>\n<meta name=\"twitter:label1\" content=\"Estimated reading time\" \/>\n\t<meta name=\"twitter:data1\" content=\"3 minutes\" \/>\n<script type=\"application\/ld+json\" class=\"yoast-schema-graph\">{\"@context\":\"https:\/\/schema.org\",\"@graph\":[{\"@type\":\"WebPage\",\"@id\":\"https:\/\/estetikadent.rs\/dentalni-turizam\/\",\"url\":\"https:\/\/estetikadent.rs\/dentalni-turizam\/\",\"name\":\"Dentalni Turizam | Stomatolo\u0161ka Poliklinika Estetika Dent\",\"isPartOf\":{\"@id\":\"https:\/\/estetikadent.rs\/#website\"},\"datePublished\":\"2020-11-04T14:28:45+00:00\",\"dateModified\":\"2023-06-30T19:28:58+00:00\",\"description\":\"Dentalnim turzmom putujte i budite zdravi i lepi\u0161i! Uz Estetika Dent mo\u017eete obaviti sve stomatolo\u0161ke potrebe i u\u017eivati u \u010darima Novog Sada!\",\"breadcrumb\":{\"@id\":\"https:\/\/estetikadent.rs\/dentalni-turizam\/#breadcrumb\"},\"inLanguage\":\"en-GB\",\"potentialAction\":[{\"@type\":\"ReadAction\",\"target\":[\"https:\/\/estetikadent.rs\/dentalni-turizam\/\"]}]},{\"@type\":\"BreadcrumbList\",\"@id\":\"https:\/\/estetikadent.rs\/dentalni-turizam\/#breadcrumb\",\"itemListElement\":[{\"@type\":\"ListItem\",\"position\":1,\"name\":\"Home\",\"item\":\"https:\/\/estetikadent.rs\/\"},{\"@type\":\"ListItem\",\"position\":2,\"name\":\"Dentalni Turizam\"}]},{\"@type\":\"WebSite\",\"@id\":\"https:\/\/estetikadent.rs\/#website\",\"url\":\"https:\/\/estetikadent.rs\/\",\"name\":\"Estetika Dent\",\"description\":\"Stomatolo\u0161ka Poliklinika Novi Sad\",\"potentialAction\":[{\"@type\":\"SearchAction\",\"target\":{\"@type\":\"EntryPoint\",\"urlTemplate\":\"https:\/\/estetikadent.rs\/?s={search_term_string}\"},\"query-input\":{\"@type\":\"PropertyValueSpecification\",\"valueRequired\":true,\"valueName\":\"search_term_string\"}}],\"inLanguage\":\"en-GB\"}]}<\/script>\n<!-- \/ Yoast SEO plugin. -->","yoast_head_json":{"title":"Dentalni Turizam | Stomatolo\u0161ka Poliklinika Estetika Dent","description":"Dentalnim turzmom putujte i budite zdravi i lepi\u0161i! Uz Estetika Dent mo\u017eete obaviti sve stomatolo\u0161ke potrebe i u\u017eivati u \u010darima Novog Sada!","robots":{"index":"index","follow":"follow","max-snippet":"max-snippet:-1","max-image-preview":"max-image-preview:large","max-video-preview":"max-video-preview:-1"},"canonical":"https:\/\/estetikadent.rs\/en\/dental-tourism\/","og_locale":"en_GB","og_type":"article","og_title":"Dentalni Turizam | Stomatolo\u0161ka Poliklinika Estetika Dent","og_description":"Dentalnim turzmom putujte i budite zdravi i lepi\u0161i! Uz Estetika Dent mo\u017eete obaviti sve stomatolo\u0161ke potrebe i u\u017eivati u \u010darima Novog Sada!","og_url":"https:\/\/estetikadent.rs\/en\/dental-tourism\/","og_site_name":"Estetika Dent","article_modified_time":"2023-06-30T19:28:58+00:00","twitter_card":"summary_large_image","twitter_misc":{"Estimated reading time":"3 minutes"},"schema":{"@context":"https:\/\/schema.org","@graph":[{"@type":"WebPage","@id":"https:\/\/estetikadent.rs\/dentalni-turizam\/","url":"https:\/\/estetikadent.rs\/dentalni-turizam\/","name":"Dentalni Turizam | Stomatolo\u0161ka Poliklinika Estetika Dent","isPartOf":{"@id":"https:\/\/estetikadent.rs\/#website"},"datePublished":"2020-11-04T14:28:45+00:00","dateModified":"2023-06-30T19:28:58+00:00","description":"Dentalnim turzmom putujte i budite zdravi i lepi\u0161i! Uz Estetika Dent mo\u017eete obaviti sve stomatolo\u0161ke potrebe i u\u017eivati u \u010darima Novog Sada!","breadcrumb":{"@id":"https:\/\/estetikadent.rs\/dentalni-turizam\/#breadcrumb"},"inLanguage":"en-GB","potentialAction":[{"@type":"ReadAction","target":["https:\/\/estetikadent.rs\/dentalni-turizam\/"]}]},{"@type":"BreadcrumbList","@id":"https:\/\/estetikadent.rs\/dentalni-turizam\/#breadcrumb","itemListElement":[{"@type":"ListItem","position":1,"name":"Home","item":"https:\/\/estetikadent.rs\/"},{"@type":"ListItem","position":2,"name":"Dentalni Turizam"}]},{"@type":"WebSite","@id":"https:\/\/estetikadent.rs\/#website","url":"https:\/\/estetikadent.rs\/","name":"Estetika Dent","description":"Stomatolo\u0161ka Poliklinika Novi Sad","potentialAction":[{"@type":"SearchAction","target":{"@type":"EntryPoint","urlTemplate":"https:\/\/estetikadent.rs\/?s={search_term_string}"},"query-input":{"@type":"PropertyValueSpecification","valueRequired":true,"valueName":"search_term_string"}}],"inLanguage":"en-GB"}]}},"_links":{"self":[{"href":"https:\/\/estetikadent.rs\/en\/wp-json\/wp\/v2\/pages\/258","targetHints":{"allow":["GET"]}}],"collection":[{"href":"https:\/\/estetikadent.rs\/en\/wp-json\/wp\/v2\/pages"}],"about":[{"href":"https:\/\/estetikadent.rs\/en\/wp-json\/wp\/v2\/types\/page"}],"author":[{"embeddable":true,"href":"https:\/\/estetikadent.rs\/en\/wp-json\/wp\/v2\/users\/3"}],"replies":[{"embeddable":true,"href":"https:\/\/estetikadent.rs\/en\/wp-json\/wp\/v2\/comments?post=258"}],"version-history":[{"count":24,"href":"https:\/\/estetikadent.rs\/en\/wp-json\/wp\/v2\/pages\/258\/revisions"}],"predecessor-version":[{"id":1247,"href":"https:\/\/estetikadent.rs\/en\/wp-json\/wp\/v2\/pages\/258\/revisions\/1247"}],"wp:attachment":[{"href":"https:\/\/estetikadent.rs\/en\/wp-json\/wp\/v2\/media?parent=258"}],"curies":[{"name":"wp","href":"https:\/\/api.w.org\/{rel}","templated":true}]}}