  {"id":253,"date":"2020-11-04T14:25:55","date_gmt":"2020-11-04T14:25:55","guid":{"rendered":"https:\/\/estetikadent.rs\/?page_id=253"},"modified":"2020-11-30T11:50:52","modified_gmt":"2020-11-30T11:50:52","slug":"strucni-skupovi","status":"publish","type":"page","link":"https:\/\/estetikadent.rs\/en\/clinic\/professional-conferences\/","title":{"rendered":"Professional Conferences"},"content":{"rendered":"<div id=\"pl-253\"  class=\"panel-layout\" ><div id=\"pg-253-0\"  class=\"panel-grid panel-no-style\" ><div id=\"pgc-253-0-0\"  class=\"panel-grid-cell\" ><div id=\"panel-253-0-0-0\" class=\"so-panel widget widget_sow-headline panel-first-child panel-last-child\" data-index=\"0\" ><div class=\"panel-widget-style panel-widget-style-for-253-0-0-0\" ><div\n\t\t\t\n\t\t\tclass=\"so-widget-sow-headline so-widget-sow-headline-default-ee43cb290428-253\"\n\t\t\t\n\t\t><div class=\"sow-headline-container\">\n\t\t\t\t\t\t\t<h1 class=\"sow-headline\">\n\t\t\t\t\t\tProfessional Conferences\t\t\t\t\t\t<\/h1>\n\t\t\t\t\t\t\t\t\t\t\t<div class=\"decoration\">\n\t\t\t\t\t\t<div class=\"decoration-inside\"><\/div>\n\t\t\t\t\t<\/div>\n\t\t\t\t\t<\/div>\n<\/div><\/div><\/div><\/div><\/div><div id=\"pg-253-1\"  class=\"panel-grid panel-no-style\" ><div id=\"pgc-253-1-0\"  class=\"panel-grid-cell\" ><div id=\"panel-253-1-0-0\" class=\"so-panel widget widget_sow-editor panel-first-child panel-last-child\" data-index=\"1\" ><div class=\"panel-widget-style panel-widget-style-for-253-1-0-0\" ><div\n\t\t\t\n\t\t\tclass=\"so-widget-sow-editor so-widget-sow-editor-base\"\n\t\t\t\n\t\t>\n<div class=\"siteorigin-widget-tinymce textwidget\">\n\t<p>Estetika Dental Clinic is a regular participant in professional conferences in Serbia, Europe, and the world. You will have the opportunity to see some of these conferences, so you can experience part of the atmosphere and be convinced that our clinic follows the latest and most modern trends <a href=\"https:\/\/estetikadent.rs\/en\/usluge\/implantologija\/\">in implantology,<\/a>, <a href=\"https:\/\/estetikadent.rs\/en\/usluge\/fixed-prosthetics\/\">prosthodontics,<\/a>, <a href=\"https:\/\/estetikadent.rs\/en\/usluge\/orthodontics\/\">orthodontics,<\/a> and other dental services.<\/p>\n<\/div>\n<\/div><\/div><\/div><\/div><div id=\"pgc-253-1-1\"  class=\"panel-grid-cell\" ><div id=\"panel-253-1-1-0\" class=\"so-panel widget widget_sow-image panel-first-child panel-last-child\" data-index=\"2\" ><div\n\t\t\t\n\t\t\tclass=\"so-widget-sow-image so-widget-sow-image-default-8b5b6f678277-253\"\n\t\t\t\n\t\t>\n<div class=\"sow-image-container\">\n\t\t<img \n\tsrc=\"https:\/\/estetikadent.rs\/wp-content\/uploads\/2020\/11\/strucni-skupovi.jpg\" width=\"1200\" height=\"1600\" srcset=\"https:\/\/estetikadent.rs\/wp-content\/uploads\/2020\/11\/strucni-skupovi.jpg 1200w, https:\/\/estetikadent.rs\/wp-content\/uploads\/2020\/11\/strucni-skupovi-225x300.jpg 225w, https:\/\/estetikadent.rs\/wp-content\/uploads\/2020\/11\/strucni-skupovi-768x1024.jpg 768w, https:\/\/estetikadent.rs\/wp-content\/uploads\/2020\/11\/strucni-skupovi-1152x1536.jpg 1152w\" sizes=\"(max-width: 1200px) 100vw, 1200px\" title=\"strucni skupovi\" alt=\"strucni skupovi\" \t\tclass=\"so-widget-image\"\/>\n\t<\/div>\n\n<\/div><\/div><\/div><\/div><\/div>","protected":false},"excerpt":{"rendered":"<p>Stomatolo\u0161ka poliklinika Estetika redovan je u\u010desnik stru\u010dnih skupova, kako u Srbiji, tako i \u0161irom Evrope i sveta. Neke od stru\u010dnih skupova ima\u0107ete prilike da vidite, kako biste osetili deo atmosfere i uverite u to da na\u0161a poliklinika prati najnovije i najmodernije trendove implantologije, protetike, ortodonicije i ostalih stomatolo\u0161kih usluga.<\/p>","protected":false},"author":3,"featured_media":0,"parent":239,"menu_order":0,"comment_status":"closed","ping_status":"closed","template":"","meta":{"footnotes":""},"class_list":["post-253","page","type-page","status-publish","hentry"],"yoast_head":"<!-- This site is optimized with the Yoast SEO plugin v25.1 - https:\/\/yoast.com\/wordpress\/plugins\/seo\/ -->\n<title>Stru\u010dni Skupovi | Stomatolo\u0161ka Poliklinika Estetika Dent<\/title>\n<meta name=\"description\" content=\"Cilj na\u0161eg tima je konstanto usavr\u0161avanje na\u0161ih doktora! Estetika Dent redovan je u\u010desnik stru\u010dnih skupova u Srbiji i \u0161irom Evrope i sveta.\" \/>\n<meta name=\"robots\" content=\"index, follow, max-snippet:-1, max-image-preview:large, max-video-preview:-1\" \/>\n<link rel=\"canonical\" href=\"https:\/\/estetikadent.rs\/en\/clinic\/professional-conferences\/\" \/>\n<meta property=\"og:locale\" content=\"en_GB\" \/>\n<meta property=\"og:type\" content=\"article\" \/>\n<meta property=\"og:title\" content=\"Stru\u010dni Skupovi | Stomatolo\u0161ka Poliklinika Estetika Dent\" \/>\n<meta property=\"og:description\" content=\"Cilj na\u0161eg tima je konstanto usavr\u0161avanje na\u0161ih doktora! Estetika Dent redovan je u\u010desnik stru\u010dnih skupova u Srbiji i \u0161irom Evrope i sveta.\" \/>\n<meta property=\"og:url\" content=\"https:\/\/estetikadent.rs\/en\/clinic\/professional-conferences\/\" \/>\n<meta property=\"og:site_name\" content=\"Estetika Dent\" \/>\n<meta property=\"article:modified_time\" content=\"2020-11-30T11:50:52+00:00\" \/>\n<meta name=\"twitter:card\" content=\"summary_large_image\" \/>\n<script type=\"application\/ld+json\" class=\"yoast-schema-graph\">{\"@context\":\"https:\/\/schema.org\",\"@graph\":[{\"@type\":\"WebPage\",\"@id\":\"https:\/\/estetikadent.rs\/ordinacija\/strucni-skupovi\/\",\"url\":\"https:\/\/estetikadent.rs\/ordinacija\/strucni-skupovi\/\",\"name\":\"Stru\u010dni Skupovi | Stomatolo\u0161ka Poliklinika Estetika Dent\",\"isPartOf\":{\"@id\":\"https:\/\/estetikadent.rs\/#website\"},\"datePublished\":\"2020-11-04T14:25:55+00:00\",\"dateModified\":\"2020-11-30T11:50:52+00:00\",\"description\":\"Cilj na\u0161eg tima je konstanto usavr\u0161avanje na\u0161ih doktora! Estetika Dent redovan je u\u010desnik stru\u010dnih skupova u Srbiji i \u0161irom Evrope i sveta.\",\"breadcrumb\":{\"@id\":\"https:\/\/estetikadent.rs\/ordinacija\/strucni-skupovi\/#breadcrumb\"},\"inLanguage\":\"en-GB\",\"potentialAction\":[{\"@type\":\"ReadAction\",\"target\":[\"https:\/\/estetikadent.rs\/ordinacija\/strucni-skupovi\/\"]}]},{\"@type\":\"BreadcrumbList\",\"@id\":\"https:\/\/estetikadent.rs\/ordinacija\/strucni-skupovi\/#breadcrumb\",\"itemListElement\":[{\"@type\":\"ListItem\",\"position\":1,\"name\":\"Home\",\"item\":\"https:\/\/estetikadent.rs\/\"},{\"@type\":\"ListItem\",\"position\":2,\"name\":\"Ordinacija\",\"item\":\"https:\/\/estetikadent.rs\/ordinacija\/\"},{\"@type\":\"ListItem\",\"position\":3,\"name\":\"Stru\u010dni Skupovi\"}]},{\"@type\":\"WebSite\",\"@id\":\"https:\/\/estetikadent.rs\/#website\",\"url\":\"https:\/\/estetikadent.rs\/\",\"name\":\"Estetika Dent\",\"description\":\"Stomatolo\u0161ka Poliklinika Novi Sad\",\"potentialAction\":[{\"@type\":\"SearchAction\",\"target\":{\"@type\":\"EntryPoint\",\"urlTemplate\":\"https:\/\/estetikadent.rs\/?s={search_term_string}\"},\"query-input\":{\"@type\":\"PropertyValueSpecification\",\"valueRequired\":true,\"valueName\":\"search_term_string\"}}],\"inLanguage\":\"en-GB\"}]}<\/script>\n<!-- \/ Yoast SEO plugin. -->","yoast_head_json":{"title":"Stru\u010dni Skupovi | Stomatolo\u0161ka Poliklinika Estetika Dent","description":"Cilj na\u0161eg tima je konstanto usavr\u0161avanje na\u0161ih doktora! Estetika Dent redovan je u\u010desnik stru\u010dnih skupova u Srbiji i \u0161irom Evrope i sveta.","robots":{"index":"index","follow":"follow","max-snippet":"max-snippet:-1","max-image-preview":"max-image-preview:large","max-video-preview":"max-video-preview:-1"},"canonical":"https:\/\/estetikadent.rs\/en\/clinic\/professional-conferences\/","og_locale":"en_GB","og_type":"article","og_title":"Stru\u010dni Skupovi | Stomatolo\u0161ka Poliklinika Estetika Dent","og_description":"Cilj na\u0161eg tima je konstanto usavr\u0161avanje na\u0161ih doktora! Estetika Dent redovan je u\u010desnik stru\u010dnih skupova u Srbiji i \u0161irom Evrope i sveta.","og_url":"https:\/\/estetikadent.rs\/en\/clinic\/professional-conferences\/","og_site_name":"Estetika Dent","article_modified_time":"2020-11-30T11:50:52+00:00","twitter_card":"summary_large_image","schema":{"@context":"https:\/\/schema.org","@graph":[{"@type":"WebPage","@id":"https:\/\/estetikadent.rs\/ordinacija\/strucni-skupovi\/","url":"https:\/\/estetikadent.rs\/ordinacija\/strucni-skupovi\/","name":"Stru\u010dni Skupovi | Stomatolo\u0161ka Poliklinika Estetika Dent","isPartOf":{"@id":"https:\/\/estetikadent.rs\/#website"},"datePublished":"2020-11-04T14:25:55+00:00","dateModified":"2020-11-30T11:50:52+00:00","description":"Cilj na\u0161eg tima je konstanto usavr\u0161avanje na\u0161ih doktora! Estetika Dent redovan je u\u010desnik stru\u010dnih skupova u Srbiji i \u0161irom Evrope i sveta.","breadcrumb":{"@id":"https:\/\/estetikadent.rs\/ordinacija\/strucni-skupovi\/#breadcrumb"},"inLanguage":"en-GB","potentialAction":[{"@type":"ReadAction","target":["https:\/\/estetikadent.rs\/ordinacija\/strucni-skupovi\/"]}]},{"@type":"BreadcrumbList","@id":"https:\/\/estetikadent.rs\/ordinacija\/strucni-skupovi\/#breadcrumb","itemListElement":[{"@type":"ListItem","position":1,"name":"Home","item":"https:\/\/estetikadent.rs\/"},{"@type":"ListItem","position":2,"name":"Ordinacija","item":"https:\/\/estetikadent.rs\/ordinacija\/"},{"@type":"ListItem","position":3,"name":"Stru\u010dni Skupovi"}]},{"@type":"WebSite","@id":"https:\/\/estetikadent.rs\/#website","url":"https:\/\/estetikadent.rs\/","name":"Estetika Dent","description":"Stomatolo\u0161ka Poliklinika Novi Sad","potentialAction":[{"@type":"SearchAction","target":{"@type":"EntryPoint","urlTemplate":"https:\/\/estetikadent.rs\/?s={search_term_string}"},"query-input":{"@type":"PropertyValueSpecification","valueRequired":true,"valueName":"search_term_string"}}],"inLanguage":"en-GB"}]}},"_links":{"self":[{"href":"https:\/\/estetikadent.rs\/en\/wp-json\/wp\/v2\/pages\/253","targetHints":{"allow":["GET"]}}],"collection":[{"href":"https:\/\/estetikadent.rs\/en\/wp-json\/wp\/v2\/pages"}],"about":[{"href":"https:\/\/estetikadent.rs\/en\/wp-json\/wp\/v2\/types\/page"}],"author":[{"embeddable":true,"href":"https:\/\/estetikadent.rs\/en\/wp-json\/wp\/v2\/users\/3"}],"replies":[{"embeddable":true,"href":"https:\/\/estetikadent.rs\/en\/wp-json\/wp\/v2\/comments?post=253"}],"version-history":[{"count":7,"href":"https:\/\/estetikadent.rs\/en\/wp-json\/wp\/v2\/pages\/253\/revisions"}],"predecessor-version":[{"id":1131,"href":"https:\/\/estetikadent.rs\/en\/wp-json\/wp\/v2\/pages\/253\/revisions\/1131"}],"up":[{"embeddable":true,"href":"https:\/\/estetikadent.rs\/en\/wp-json\/wp\/v2\/pages\/239"}],"wp:attachment":[{"href":"https:\/\/estetikadent.rs\/en\/wp-json\/wp\/v2\/media?parent=253"}],"curies":[{"name":"wp","href":"https:\/\/api.w.org\/{rel}","templated":true}]}}