  {"id":239,"date":"2020-11-04T14:15:23","date_gmt":"2020-11-04T14:15:23","guid":{"rendered":"https:\/\/estetikadent.rs\/?page_id=239"},"modified":"2020-11-25T14:03:22","modified_gmt":"2020-11-25T14:03:22","slug":"ordinacija","status":"publish","type":"page","link":"https:\/\/estetikadent.rs\/en\/clinic\/","title":{"rendered":"Clinic"},"content":{"rendered":"<div id=\"pl-239\"  class=\"panel-layout\" ><div id=\"pg-239-0\"  class=\"panel-grid panel-no-style\" ><div id=\"pgc-239-0-0\"  class=\"panel-grid-cell\" ><div id=\"panel-239-0-0-0\" class=\"so-panel widget widget_sow-headline panel-first-child\" data-index=\"0\" ><div class=\"panel-widget-style panel-widget-style-for-239-0-0-0\" ><div\n\t\t\t\n\t\t\tclass=\"so-widget-sow-headline so-widget-sow-headline-default-ee43cb290428-239\"\n\t\t\t\n\t\t><div class=\"sow-headline-container\">\n\t\t\t\t\t\t\t<h1 class=\"sow-headline\">\n\t\t\t\t\t\tAbout Us\t\t\t\t\t\t<\/h1>\n\t\t\t\t\t\t\t\t\t\t\t<div class=\"decoration\">\n\t\t\t\t\t\t<div class=\"decoration-inside\"><\/div>\n\t\t\t\t\t<\/div>\n\t\t\t\t\t<\/div>\n<\/div><\/div><\/div><div id=\"panel-239-0-0-1\" class=\"so-panel widget widget_sow-editor panel-last-child\" data-index=\"1\" ><div class=\"panel-widget-style panel-widget-style-for-239-0-0-1\" ><div\n\t\t\t\n\t\t\tclass=\"so-widget-sow-editor so-widget-sow-editor-base\"\n\t\t\t\n\t\t>\n<div class=\"siteorigin-widget-tinymce textwidget\">\n\t<p>Dr. Sini\u0161a and Dr. Du\u0161ica Telarov, after 30 years of hard work, are now proud owners of the \"Estetika\" polyclinic and \"Estetika Dent\" specialized clinic. They completed their undergraduate and postgraduate studies in Belgrade. The in-house team of doctors provides a wide range of services. With the support of many doctors in the family, the third generation of dentists is now a vital part of the team. After three decades of dedicated work, they have achieved their dream of building a successful family business.<\/p>\n<\/div>\n<\/div><\/div><\/div><\/div><\/div><div id=\"pg-239-1\"  class=\"panel-grid panel-no-style\" ><div id=\"pgc-239-1-0\"  class=\"panel-grid-cell\" ><div id=\"panel-239-1-0-0\" class=\"so-panel widget widget_sow-headline panel-first-child panel-last-child\" data-index=\"2\" ><div class=\"panel-widget-style panel-widget-style-for-239-1-0-0\" ><div\n\t\t\t\n\t\t\tclass=\"so-widget-sow-headline so-widget-sow-headline-default-a0d918163b9f-239\"\n\t\t\t\n\t\t><div class=\"sow-headline-container\">\n\t\t\t\t\t\t\t<h2 class=\"sow-headline\">\n\t\t\t\t\t\t\t\t\t\t\t\t\t<a href=\"https:\/\/estetikadent.rs\/en\/clinic\/polyclinic-estetika\/\" >\n\t\t\t\t\t\t\t\tEstetika<\/a>\t\t\t\t\t\t<\/h2>\n\t\t\t\t\t\t\t\t\t\t\t\t<h5 class=\"sow-sub-headline\">\n\t\t\t\t\t\tSvetozara Mileti\u0107a 10\t\t\t\t\t\t<\/h5>\n\t\t\t\t\t\t<\/div>\n<\/div><\/div><\/div><\/div><div id=\"pgc-239-1-1\"  class=\"panel-grid-cell\" ><div id=\"panel-239-1-1-0\" class=\"so-panel widget widget_sow-headline panel-first-child panel-last-child\" data-index=\"3\" ><div class=\"panel-widget-style panel-widget-style-for-239-1-1-0\" ><div\n\t\t\t\n\t\t\tclass=\"so-widget-sow-headline so-widget-sow-headline-default-a0d918163b9f-239\"\n\t\t\t\n\t\t><div class=\"sow-headline-container\">\n\t\t\t\t\t\t\t<h2 class=\"sow-headline\">\n\t\t\t\t\t\t\t\t\t\t\t\t\t<a href=\"https:\/\/estetikadent.rs\/en\/clinic\/estetika-dent\/\" >\n\t\t\t\t\t\t\t\tEstetika Dent<\/a>\t\t\t\t\t\t<\/h2>\n\t\t\t\t\t\t\t\t\t\t\t\t<h5 class=\"sow-sub-headline\">\n\t\t\t\t\t\t\u0160umadijska 2\t\t\t\t\t\t<\/h5>\n\t\t\t\t\t\t<\/div>\n<\/div><\/div><\/div><\/div><\/div><div id=\"pg-239-2\"  class=\"panel-grid panel-no-style\" ><div id=\"pgc-239-2-0\"  class=\"panel-grid-cell\" ><div id=\"panel-239-2-0-0\" class=\"so-panel widget widget_sow-headline panel-first-child panel-last-child\" data-index=\"4\" ><div\n\t\t\t\n\t\t\tclass=\"so-widget-sow-headline so-widget-sow-headline-default-f6bda18ab896-239\"\n\t\t\t\n\t\t><div class=\"sow-headline-container\">\n\t\t\t\t\t\t\t<h2 class=\"sow-headline\">\n\t\t\t\t\t\tOur team\t\t\t\t\t\t<\/h2>\n\t\t\t\t\t\t\t\t\t\t\t<div class=\"decoration\">\n\t\t\t\t\t\t<div class=\"decoration-inside\"><\/div>\n\t\t\t\t\t<\/div>\n\t\t\t\t\t<\/div>\n<\/div><\/div><\/div><\/div><div id=\"pg-239-3\"  class=\"panel-grid panel-no-style\" ><div id=\"pgc-239-3-0\"  class=\"panel-grid-cell panel-grid-cell-empty\" ><\/div><div id=\"pgc-239-3-1\"  class=\"panel-grid-cell\" ><div id=\"panel-239-3-1-0\" class=\"so-panel widget widget_sow-image panel-first-child\" data-index=\"5\" ><div\n\t\t\t\n\t\t\tclass=\"so-widget-sow-image so-widget-sow-image-default-8b5b6f678277-239\"\n\t\t\t\n\t\t>\n<div class=\"sow-image-container\">\n\t\t\t<a href=\"https:\/\/estetikadent.rs\/en\/doktori\/dr-sinisa-telarov\/\"\n\t\t\t\t\t>\n\t\t\t<img \n\tsrc=\"https:\/\/estetikadent.rs\/wp-content\/uploads\/2020\/07\/KIM_7313.jpg\" width=\"683\" height=\"1024\" srcset=\"https:\/\/estetikadent.rs\/wp-content\/uploads\/2020\/07\/KIM_7313.jpg 683w, https:\/\/estetikadent.rs\/wp-content\/uploads\/2020\/07\/KIM_7313-200x300.jpg 200w\" sizes=\"(max-width: 683px) 100vw, 683px\" title=\"dr Sini\u0161a Telarov\" alt=\"dr Sini\u0161a Telarov\" \t\tclass=\"so-widget-image\"\/>\n\t\t\t<\/a><\/div>\n\n<\/div><\/div><div id=\"panel-239-3-1-1\" class=\"so-panel widget widget_sow-headline panel-last-child\" data-index=\"6\" ><div\n\t\t\t\n\t\t\tclass=\"so-widget-sow-headline so-widget-sow-headline-default-67ab86eca18e-239\"\n\t\t\t\n\t\t><div class=\"sow-headline-container\">\n\t\t\t\t\t\t\t<h4 class=\"sow-headline\">\n\t\t\t\t\t\t\t\t\t\t\t\t\t<a href=\"https:\/\/estetikadent.rs\/en\/doktori\/dr-sinisa-telarov\/\" >\n\t\t\t\t\t\t\t\tdr Sini\u0161a Telarov<\/a>\t\t\t\t\t\t<\/h4>\n\t\t\t\t\t\t\t\t\t\t\t\t<h6 class=\"sow-sub-headline\">\n\t\t\t\t\t\tSpecialist in dental prosthetics\t\t\t\t\t\t<\/h6>\n\t\t\t\t\t\t<\/div>\n<\/div><\/div><\/div><div id=\"pgc-239-3-2\"  class=\"panel-grid-cell\" ><div id=\"panel-239-3-2-0\" class=\"so-panel widget widget_sow-headline panel-first-child panel-last-child\" data-index=\"7\" ><div\n\t\t\t\n\t\t\tclass=\"so-widget-sow-headline so-widget-sow-headline-default-67ab86eca18e-239\"\n\t\t\t\n\t\t><div class=\"sow-headline-container\">\n\t\t\t\t\t\t\t<h4 class=\"sow-headline\">\n\t\t\t\t\t\t\t\t\t\t\t\t\t<a href=\"https:\/\/estetikadent.rs\/en\/doktori\/dr-djordje-telarov\/\" >\n\t\t\t\t\t\t\t\tDr \u0110or\u0111e Telarov<\/a>\t\t\t\t\t\t<\/h4>\n\t\t\t\t\t\t\t\t\t\t\t\t<h6 class=\"sow-sub-headline\">\n\t\t\t\t\t\tDental doctor\t\t\t\t\t\t<\/h6>\n\t\t\t\t\t\t<\/div>\n<\/div><\/div><\/div><div id=\"pgc-239-3-3\"  class=\"panel-grid-cell panel-grid-cell-mobile-last\" ><div id=\"panel-239-3-3-0\" class=\"so-panel widget widget_sow-image panel-first-child\" data-index=\"8\" ><div\n\t\t\t\n\t\t\tclass=\"so-widget-sow-image so-widget-sow-image-default-8b5b6f678277-239\"\n\t\t\t\n\t\t>\n<div class=\"sow-image-container\">\n\t\t\t<a href=\"https:\/\/estetikadent.rs\/en\/doktori\/dr-dusica-aksic-telarov\/\"\n\t\t\t\t\t>\n\t\t\t<img \n\tsrc=\"https:\/\/estetikadent.rs\/wp-content\/uploads\/2020\/11\/KIM_7354.jpg\" width=\"683\" height=\"1024\" srcset=\"https:\/\/estetikadent.rs\/wp-content\/uploads\/2020\/11\/KIM_7354.jpg 683w, https:\/\/estetikadent.rs\/wp-content\/uploads\/2020\/11\/KIM_7354-200x300.jpg 200w\" sizes=\"(max-width: 683px) 100vw, 683px\" title=\"Dr Du\u0161ica Aksi\u0107 Telarov\" alt=\"Dr Du\u0161ica Aksi\u0107 Telarov\" \t\tclass=\"so-widget-image\"\/>\n\t\t\t<\/a><\/div>\n\n<\/div><\/div><div id=\"panel-239-3-3-1\" class=\"so-panel widget widget_sow-headline panel-last-child\" data-index=\"9\" ><div\n\t\t\t\n\t\t\tclass=\"so-widget-sow-headline so-widget-sow-headline-default-67ab86eca18e-239\"\n\t\t\t\n\t\t><div class=\"sow-headline-container\">\n\t\t\t\t\t\t\t<h4 class=\"sow-headline\">\n\t\t\t\t\t\t\t\t\t\t\t\t\t<a href=\"https:\/\/estetikadent.rs\/en\/doktori\/dr-dusica-aksic-telarov\/\" >\n\t\t\t\t\t\t\t\tDr Du\u0161ica Aksi\u0107 Telarov<\/a>\t\t\t\t\t\t<\/h4>\n\t\t\t\t\t\t\t\t\t\t\t\t<h6 class=\"sow-sub-headline\">\n\t\t\t\t\t\tSpecialist in jaw orthopedics\t\t\t\t\t\t<\/h6>\n\t\t\t\t\t\t<\/div>\n<\/div><\/div><\/div><div id=\"pgc-239-3-4\"  class=\"panel-grid-cell panel-grid-cell-empty\" ><\/div><\/div><div id=\"pg-239-4\"  class=\"panel-grid panel-no-style\" ><div id=\"pgc-239-4-0\"  class=\"panel-grid-cell\" ><div id=\"panel-239-4-0-0\" class=\"so-panel widget widget_sow-image panel-first-child\" data-index=\"10\" ><div\n\t\t\t\n\t\t\tclass=\"so-widget-sow-image so-widget-sow-image-default-8b5b6f678277-239\"\n\t\t\t\n\t\t>\n<div class=\"sow-image-container\">\n\t\t\t<a href=\"https:\/\/estetikadent.rs\/en\/doktori\/dr-tamara-radisic-ecet\/\"\n\t\t\t\t\t>\n\t\t\t<img \n\tsrc=\"https:\/\/estetikadent.rs\/wp-content\/uploads\/2020\/11\/KIM_7362.jpg\" width=\"683\" height=\"1024\" srcset=\"https:\/\/estetikadent.rs\/wp-content\/uploads\/2020\/11\/KIM_7362.jpg 683w, https:\/\/estetikadent.rs\/wp-content\/uploads\/2020\/11\/KIM_7362-200x300.jpg 200w\" sizes=\"(max-width: 683px) 100vw, 683px\" title=\"Dr Tamara Radi\u0161i\u0107 Ecet\" alt=\"Dr Tamara Radi\u0161i\u0107 Ecet\" \t\tclass=\"so-widget-image\"\/>\n\t\t\t<\/a><\/div>\n\n<\/div><\/div><div id=\"panel-239-4-0-1\" class=\"so-panel widget widget_sow-headline panel-last-child\" data-index=\"11\" ><div\n\t\t\t\n\t\t\tclass=\"so-widget-sow-headline so-widget-sow-headline-default-67ab86eca18e-239\"\n\t\t\t\n\t\t><div class=\"sow-headline-container\">\n\t\t\t\t\t\t\t<h4 class=\"sow-headline\">\n\t\t\t\t\t\t\t\t\t\t\t\t\t<a href=\"https:\/\/estetikadent.rs\/en\/doktori\/dr-tamara-radisic-ecet\/\" >\n\t\t\t\t\t\t\t\tDr Tamara Radi\u0161i\u0107 Ecet<\/a>\t\t\t\t\t\t<\/h4>\n\t\t\t\t\t\t\t\t\t\t\t\t<h6 class=\"sow-sub-headline\">\n\t\t\t\t\t\tSpecialist in jaw orthopedics\t\t\t\t\t\t<\/h6>\n\t\t\t\t\t\t<\/div>\n<\/div><\/div><\/div><div id=\"pgc-239-4-1\"  class=\"panel-grid-cell\" ><div id=\"panel-239-4-1-0\" class=\"so-panel widget widget_sow-headline panel-first-child panel-last-child\" data-index=\"12\" ><div\n\t\t\t\n\t\t\tclass=\"so-widget-sow-headline so-widget-sow-headline-default-67ab86eca18e-239\"\n\t\t\t\n\t\t><div class=\"sow-headline-container\">\n\t\t\t\t\t\t\t<h4 class=\"sow-headline\">\n\t\t\t\t\t\t\t\t\t\t\t\t\t<a href=\"https:\/\/estetikadent.rs\/en\/doktori\/dr-andjelka-tatalovic\/\" >\n\t\t\t\t\t\t\t\tDr An\u0111elka Tatalovi\u0107<\/a>\t\t\t\t\t\t<\/h4>\n\t\t\t\t\t\t\t\t\t\t\t\t<h6 class=\"sow-sub-headline\">\n\t\t\t\t\t\tDoctor of conservative dentistry\t\t\t\t\t\t<\/h6>\n\t\t\t\t\t\t<\/div>\n<\/div><\/div><\/div><div id=\"pgc-239-4-2\"  class=\"panel-grid-cell\" ><div id=\"panel-239-4-2-0\" class=\"so-panel widget widget_sow-headline panel-first-child panel-last-child\" data-index=\"13\" ><div\n\t\t\t\n\t\t\tclass=\"so-widget-sow-headline so-widget-sow-headline-default-67ab86eca18e-239\"\n\t\t\t\n\t\t><div class=\"sow-headline-container\">\n\t\t\t\t\t\t\t<h4 class=\"sow-headline\">\n\t\t\t\t\t\t\t\t\t\t\t\t\t<a href=\"https:\/\/estetikadent.rs\/en\/doktori\/dr-natasa-nikolic\/\" >\n\t\t\t\t\t\t\t\tDr Nata\u0161a Nikoli\u0107<\/a>\t\t\t\t\t\t<\/h4>\n\t\t\t\t\t\t\t\t\t\t\t\t<h6 class=\"sow-sub-headline\">\n\t\t\t\t\t\tSpecialist in periodontology and oral medicine\t\t\t\t\t\t<\/h6>\n\t\t\t\t\t\t<\/div>\n<\/div><\/div><\/div><div id=\"pgc-239-4-3\"  class=\"panel-grid-cell\" ><div id=\"panel-239-4-3-0\" class=\"so-panel widget widget_sow-headline panel-first-child panel-last-child\" data-index=\"14\" ><div\n\t\t\t\n\t\t\tclass=\"so-widget-sow-headline so-widget-sow-headline-default-67ab86eca18e-239\"\n\t\t\t\n\t\t><div class=\"sow-headline-container\">\n\t\t\t\t\t\t\t<h4 class=\"sow-headline\">\n\t\t\t\t\t\t\t\t\t\t\t\t\t<a href=\"https:\/\/estetikadent.rs\/en\/doktori\/dr-marko-durmanovic\/\" >\n\t\t\t\t\t\t\t\tDr Marko Durmanovi\u0107<\/a>\t\t\t\t\t\t<\/h4>\n\t\t\t\t\t\t\t\t\t\t\t\t<h6 class=\"sow-sub-headline\">\n\t\t\t\t\t\tDental doctor\t\t\t\t\t\t<\/h6>\n\t\t\t\t\t\t<\/div>\n<\/div><\/div><\/div><\/div><\/div>","protected":false},"excerpt":{"rendered":"<p>Dr Sini\u0161a i dr Du\u0161ica Telarov nakon 30 godina radnog iskustva danas su vlasnici poliklinike \u201eEstetika\u201c i specijalisti\u010dke ordinacije \u201eEstetika Dent\u201c. Fakultetsko i specijalisti\u010dko \u0161kolovanje zavr\u0161ili su u Beogradu. Na\u0161 tim doktora je specijalizovan za sve vrste usluga. Kroz vi\u0161egodi\u0161nje iskustvo, danas sa nama radi i tre\u0107a generacija stomatologa. Cilj na\u0161e ordinacije je da svi &hellip; <\/p>\n<p class=\"link-more\"><a href=\"https:\/\/estetikadent.rs\/en\/clinic\/\" class=\"more-link\">Continue reading<span class=\"screen-reader-text\"> &#8222;Ordinacija&#8220;<\/span><\/a><\/p>","protected":false},"author":3,"featured_media":0,"parent":0,"menu_order":0,"comment_status":"closed","ping_status":"closed","template":"","meta":{"footnotes":""},"class_list":["post-239","page","type-page","status-publish","hentry"],"yoast_head":"<!-- This site is optimized with the Yoast SEO plugin v25.1 - https:\/\/yoast.com\/wordpress\/plugins\/seo\/ -->\n<title>Ordinacija | Stomatolo\u0161ka Poliklinika Estetika Dent<\/title>\n<meta name=\"description\" content=\"Dr Sini\u0161a i dr Du\u0161ica Telarov nakon 30 godina radnog iskustva danas su vlasnici poliklinike \u201eEstetika\u201c i ordinacije \u201eEstetika Dent\u201c.\" \/>\n<meta name=\"robots\" content=\"index, follow, max-snippet:-1, max-image-preview:large, max-video-preview:-1\" \/>\n<link rel=\"canonical\" href=\"https:\/\/estetikadent.rs\/en\/clinic\/\" \/>\n<meta property=\"og:locale\" content=\"en_GB\" \/>\n<meta property=\"og:type\" content=\"article\" \/>\n<meta property=\"og:title\" content=\"Ordinacija | Stomatolo\u0161ka Poliklinika Estetika Dent\" \/>\n<meta property=\"og:description\" content=\"Dr Sini\u0161a i dr Du\u0161ica Telarov nakon 30 godina radnog iskustva danas su vlasnici poliklinike \u201eEstetika\u201c i ordinacije \u201eEstetika Dent\u201c.\" \/>\n<meta property=\"og:url\" content=\"https:\/\/estetikadent.rs\/en\/clinic\/\" \/>\n<meta property=\"og:site_name\" content=\"Estetika Dent\" \/>\n<meta property=\"article:modified_time\" content=\"2020-11-25T14:03:22+00:00\" \/>\n<meta name=\"twitter:card\" content=\"summary_large_image\" \/>\n<meta name=\"twitter:label1\" content=\"Estimated reading time\" \/>\n\t<meta name=\"twitter:data1\" content=\"1 minute\" \/>\n<script type=\"application\/ld+json\" class=\"yoast-schema-graph\">{\"@context\":\"https:\/\/schema.org\",\"@graph\":[{\"@type\":\"WebPage\",\"@id\":\"https:\/\/estetikadent.rs\/ordinacija\/\",\"url\":\"https:\/\/estetikadent.rs\/ordinacija\/\",\"name\":\"Ordinacija | Stomatolo\u0161ka Poliklinika Estetika Dent\",\"isPartOf\":{\"@id\":\"https:\/\/estetikadent.rs\/#website\"},\"datePublished\":\"2020-11-04T14:15:23+00:00\",\"dateModified\":\"2020-11-25T14:03:22+00:00\",\"description\":\"Dr Sini\u0161a i dr Du\u0161ica Telarov nakon 30 godina radnog iskustva danas su vlasnici poliklinike \u201eEstetika\u201c i ordinacije \u201eEstetika Dent\u201c.\",\"breadcrumb\":{\"@id\":\"https:\/\/estetikadent.rs\/ordinacija\/#breadcrumb\"},\"inLanguage\":\"en-GB\",\"potentialAction\":[{\"@type\":\"ReadAction\",\"target\":[\"https:\/\/estetikadent.rs\/ordinacija\/\"]}]},{\"@type\":\"BreadcrumbList\",\"@id\":\"https:\/\/estetikadent.rs\/ordinacija\/#breadcrumb\",\"itemListElement\":[{\"@type\":\"ListItem\",\"position\":1,\"name\":\"Home\",\"item\":\"https:\/\/estetikadent.rs\/\"},{\"@type\":\"ListItem\",\"position\":2,\"name\":\"Ordinacija\"}]},{\"@type\":\"WebSite\",\"@id\":\"https:\/\/estetikadent.rs\/#website\",\"url\":\"https:\/\/estetikadent.rs\/\",\"name\":\"Estetika Dent\",\"description\":\"Stomatolo\u0161ka Poliklinika Novi Sad\",\"potentialAction\":[{\"@type\":\"SearchAction\",\"target\":{\"@type\":\"EntryPoint\",\"urlTemplate\":\"https:\/\/estetikadent.rs\/?s={search_term_string}\"},\"query-input\":{\"@type\":\"PropertyValueSpecification\",\"valueRequired\":true,\"valueName\":\"search_term_string\"}}],\"inLanguage\":\"en-GB\"}]}<\/script>\n<!-- \/ Yoast SEO plugin. -->","yoast_head_json":{"title":"Ordinacija | Stomatolo\u0161ka Poliklinika Estetika Dent","description":"Dr Sini\u0161a i dr Du\u0161ica Telarov nakon 30 godina radnog iskustva danas su vlasnici poliklinike \u201eEstetika\u201c i ordinacije \u201eEstetika Dent\u201c.","robots":{"index":"index","follow":"follow","max-snippet":"max-snippet:-1","max-image-preview":"max-image-preview:large","max-video-preview":"max-video-preview:-1"},"canonical":"https:\/\/estetikadent.rs\/en\/clinic\/","og_locale":"en_GB","og_type":"article","og_title":"Ordinacija | Stomatolo\u0161ka Poliklinika Estetika Dent","og_description":"Dr Sini\u0161a i dr Du\u0161ica Telarov nakon 30 godina radnog iskustva danas su vlasnici poliklinike \u201eEstetika\u201c i ordinacije \u201eEstetika Dent\u201c.","og_url":"https:\/\/estetikadent.rs\/en\/clinic\/","og_site_name":"Estetika Dent","article_modified_time":"2020-11-25T14:03:22+00:00","twitter_card":"summary_large_image","twitter_misc":{"Estimated reading time":"1 minute"},"schema":{"@context":"https:\/\/schema.org","@graph":[{"@type":"WebPage","@id":"https:\/\/estetikadent.rs\/ordinacija\/","url":"https:\/\/estetikadent.rs\/ordinacija\/","name":"Ordinacija | Stomatolo\u0161ka Poliklinika Estetika Dent","isPartOf":{"@id":"https:\/\/estetikadent.rs\/#website"},"datePublished":"2020-11-04T14:15:23+00:00","dateModified":"2020-11-25T14:03:22+00:00","description":"Dr Sini\u0161a i dr Du\u0161ica Telarov nakon 30 godina radnog iskustva danas su vlasnici poliklinike \u201eEstetika\u201c i ordinacije \u201eEstetika Dent\u201c.","breadcrumb":{"@id":"https:\/\/estetikadent.rs\/ordinacija\/#breadcrumb"},"inLanguage":"en-GB","potentialAction":[{"@type":"ReadAction","target":["https:\/\/estetikadent.rs\/ordinacija\/"]}]},{"@type":"BreadcrumbList","@id":"https:\/\/estetikadent.rs\/ordinacija\/#breadcrumb","itemListElement":[{"@type":"ListItem","position":1,"name":"Home","item":"https:\/\/estetikadent.rs\/"},{"@type":"ListItem","position":2,"name":"Ordinacija"}]},{"@type":"WebSite","@id":"https:\/\/estetikadent.rs\/#website","url":"https:\/\/estetikadent.rs\/","name":"Estetika Dent","description":"Stomatolo\u0161ka Poliklinika Novi Sad","potentialAction":[{"@type":"SearchAction","target":{"@type":"EntryPoint","urlTemplate":"https:\/\/estetikadent.rs\/?s={search_term_string}"},"query-input":{"@type":"PropertyValueSpecification","valueRequired":true,"valueName":"search_term_string"}}],"inLanguage":"en-GB"}]}},"_links":{"self":[{"href":"https:\/\/estetikadent.rs\/en\/wp-json\/wp\/v2\/pages\/239","targetHints":{"allow":["GET"]}}],"collection":[{"href":"https:\/\/estetikadent.rs\/en\/wp-json\/wp\/v2\/pages"}],"about":[{"href":"https:\/\/estetikadent.rs\/en\/wp-json\/wp\/v2\/types\/page"}],"author":[{"embeddable":true,"href":"https:\/\/estetikadent.rs\/en\/wp-json\/wp\/v2\/users\/3"}],"replies":[{"embeddable":true,"href":"https:\/\/estetikadent.rs\/en\/wp-json\/wp\/v2\/comments?post=239"}],"version-history":[{"count":73,"href":"https:\/\/estetikadent.rs\/en\/wp-json\/wp\/v2\/pages\/239\/revisions"}],"predecessor-version":[{"id":1125,"href":"https:\/\/estetikadent.rs\/en\/wp-json\/wp\/v2\/pages\/239\/revisions\/1125"}],"wp:attachment":[{"href":"https:\/\/estetikadent.rs\/en\/wp-json\/wp\/v2\/media?parent=239"}],"curies":[{"name":"wp","href":"https:\/\/api.w.org\/{rel}","templated":true}]}}